{"id":1091,"date":"2016-05-02T11:46:48","date_gmt":"2016-05-02T11:46:48","guid":{"rendered":"http:\/\/shopguard.com\/hu\/?page_id=1091"},"modified":"2018-08-16T05:46:44","modified_gmt":"2018-08-16T05:46:44","slug":"eas-aruvedelmi-rendszerek","status":"publish","type":"page","link":"https:\/\/shopguard.hu\/hu\/eas-aruvedelmi-rendszerek\/","title":{"rendered":"\u00c1ruv\u00e9delmi kapuk \u00e9s kieg\u00e9sz\u00edt\u0151k"},"content":{"rendered":"<p style=\"text-align: justify;\">\n<div class=\"description clearfix style-1 \">A ruh\u00e1zati, elektronikai \u00fczletek, hiper- \u00e9s szupermarketek bej\u00e1rat\u00e1nak \u00e9s kij\u00e1rat\u00e1nak, kassz\u00e1inak elengedhetetlen kell\u00e9kei az \u00e1ruv\u00e9delmi kapuk, azaz antenn\u00e1k. Az \u00e1rucikkek v\u00e9delm\u00e9t pap\u00edrc\u00edmk\u00e9kkel, leoldhat\u00f3 hardtagekkel, esetleg safer dobozokkal, \u00e1ruv\u00e9delmi p\u00f3kokkal oldjuk meg. A r\u00e1di\u00f3frekvenci\u00e1s (RF) \u00e9s akusztomagnetikus (AM) technol\u00f3gi\u00e1k eszk\u00f6zei mind el\u00e9rhet\u0151ek portf\u00f3li\u00f3nkban. Szerv\u00edzszolg\u00e1ltat\u00e1sainkkal teljes k\u00f6r\u0171 biztons\u00e1got ny\u00fajtunk az \u00d6n \u00fczlete sz\u00e1m\u00e1ra.<\/div><\/p>\n","protected":false},"excerpt":{"rendered":"<p>A ruh\u00e1zati, elektronikai \u00fczletek, hiper- \u00e9s szupermarketek bej\u00e1rat\u00e1nak \u00e9s kij\u00e1rat\u00e1nak, kassz\u00e1inak elengedhetetlen kell\u00e9kei az \u00e1ruv\u00e9delmi kapuk, azaz antenn\u00e1k. Az \u00e1rucikkek v\u00e9delm\u00e9t pap\u00edrc\u00edmk\u00e9kkel, leoldhat\u00f3 hardtagekkel, esetleg safer dobozokkal, \u00e1ruv\u00e9delmi p\u00f3kokkal oldjuk\u2026 <a href=\"https:\/\/shopguard.hu\/hu\/eas-aruvedelmi-rendszerek\/\" class=\"read-more-link\">read more &rarr;<\/a><\/p>\n","protected":false},"author":1,"featured_media":409,"parent":0,"menu_order":0,"comment_status":"closed","ping_status":"closed","template":"page-portfolio-col3.php","meta":[],"_links":{"self":[{"href":"https:\/\/shopguard.hu\/hu\/wp-json\/wp\/v2\/pages\/1091"}],"collection":[{"href":"https:\/\/shopguard.hu\/hu\/wp-json\/wp\/v2\/pages"}],"about":[{"href":"https:\/\/shopguard.hu\/hu\/wp-json\/wp\/v2\/types\/page"}],"author":[{"embeddable":true,"href":"https:\/\/shopguard.hu\/hu\/wp-json\/wp\/v2\/users\/1"}],"replies":[{"embeddable":true,"href":"https:\/\/shopguard.hu\/hu\/wp-json\/wp\/v2\/comments?post=1091"}],"version-history":[{"count":5,"href":"https:\/\/shopguard.hu\/hu\/wp-json\/wp\/v2\/pages\/1091\/revisions"}],"predecessor-version":[{"id":2378,"href":"https:\/\/shopguard.hu\/hu\/wp-json\/wp\/v2\/pages\/1091\/revisions\/2378"}],"wp:featuredmedia":[{"embeddable":true,"href":"https:\/\/shopguard.hu\/hu\/wp-json\/wp\/v2\/media\/409"}],"wp:attachment":[{"href":"https:\/\/shopguard.hu\/hu\/wp-json\/wp\/v2\/media?parent=1091"}],"curies":[{"name":"wp","href":"https:\/\/api.w.org\/{rel}","templated":true}]}}