{"id":2484,"date":"2018-06-17T07:09:35","date_gmt":"2018-06-17T07:09:35","guid":{"rendered":"http:\/\/shopguard.com\/?page_id=2484"},"modified":"2018-08-08T09:02:24","modified_gmt":"2018-08-08T09:02:24","slug":"metalguard-hyperguard","status":"publish","type":"page","link":"https:\/\/shopguard.hu\/hu\/gyakran-ismetelt-kerdesek\/metalguard-hyperguard\/","title":{"rendered":"Metalguard &#038; Hyperguard"},"content":{"rendered":"<h1>A f\u00e9m\u00e9rz\u00e9kel\u00e9s sz\u00fcks\u00e9gess\u00e9ge az \u00fczletekben<\/h1>\n<p>B\u00e1r az aluf\u00f3li\u00e1val b\u00e9lelt t\u00e1sk\u00e1kat a profi tolvajok sz\u00e9les-k\u00f6rben alkalmazz\u00e1k, a legt\u00f6bb keresked\u0151 \u00e9s \u00fczlettulajdonos sz\u00e1m\u00e1ra ismeretlen ez a probl\u00e9ma, aminek az az oka, hogy a tolvajok \u00e1ltal k\u00e9sz\u00edtett \u00fa.n. boosterbag nem hagy nyomot: sem lev\u00e1gott c\u00edmk\u00e9k, sem kiszerelt biztons\u00e1gi eszk\u00f6z\u00f6k nem jelzik a lop\u00e1st \u2013 csak az \u00fcres fogasok vagy polcok \u00e1rulkodnak arr\u00f3l, hogy mi t\u00f6rt\u00e9nt.<\/p>\n<p>A boosterbag a szervezett tolvajband\u00e1k gyakran haszn\u00e1lt eszk\u00f6ze is, aminek seg\u00edts\u00e9g\u00e9vel le\u00e1rny\u00e9kolj\u00e1k az \u00fczletekben m\u0171k\u00f6d\u0151 riaszt\u00f3 eszk\u00f6z\u00f6ket, \u00e9s ez\u00e1ltal \u00e9szrev\u00e9tlen\u00fcl vihetik ki az ellopott term\u00e9keket. \u00a0Percek alatt megt\u00f6lthetik dr\u00e1ga term\u00e9kekkel az egy\u00e9bk\u00e9nt k\u00edv\u00fclr\u0151l fel nem ismerhet\u0151 kib\u00e9lelt t\u00e1sk\u00e1kat, ami le\u00e1rny\u00e9kolja a term\u00e9ken tal\u00e1lhat\u00f3 jelad\u00f3 eszk\u00f6z\u00f6ket.<\/p>\n<p>A Metalguard\u00a0f\u00e9mdetektor\u00a0antenna\u00a0kiv\u00e1l\u00f3 megold\u00e1st ny\u00fajt azonban az ilyen t\u00edpus\u00fa bolti lop\u00e1sok megakad\u00e1lyoz\u00e1s\u00e1ra ott, ahol a tolvajok k\u00f6nnyen kicselezik az EAS t\u00edpus\u00fa rendszereket. El\u0151nye, hogy \u00e9rz\u00e9kel minden f\u00e9mt\u00e1rgyat, azonban verzi\u00f3t\u00f3l f\u00fcgg\u0151en \u00e9rz\u00e9kenys\u00e9ge ig\u00e9ny szerint \u00e1ll\u00edthat\u00f3, \u00edgy a kisebb f\u00e9mt\u00e1rgyak, mint p\u00e9ld\u00e1ul egy \u00f3ra vagy mobiltelefon, nem gener\u00e1l t\u00e9ves riaszt\u00e1st.\u00a0 A Metalguard\u00a0f\u00e9mdetektor\u00a0antenna eset\u00e9ben olyan sz\u0171r\u0151k is alkalmazhat\u00f3ak, amelyek az ajt\u00f3k mozg\u00e1s\u00e1ra sem riasztanak be, illetve a Hyperguard eszk\u00f6z alkalmaz\u00e1sa hipermarketekben hasznos, mivel a bev\u00e1s\u00e1rl\u00f3 kocsikat sem \u00e9rz\u00e9keli.\u00a0 A Metalguard\u00a0\u00e9s Hyperguard \u00e9rz\u00e9kenys\u00e9g\u00e9t az adott \u00fczlet ig\u00e9nyeihez lehet szabni, s\u0151t, integr\u00e1lni lehet az RF rendszerekkel, ami megfelel\u0151 rugalmass\u00e1got biztos\u00edt a felhaszn\u00e1l\u00e1sban.<\/p>\n<p>Hat\u00e9kony megold\u00e1st jelenthet a lop\u00e1sok megel\u0151z\u00e9s\u00e9ben, mivel a bej\u00e1rathoz, vagy liftek k\u00f6zel\u00e9be is telep\u00edthet\u0151, teh\u00e1t m\u00e1r a b\u00e9lelt t\u00e1sk\u00e1val \u2013 vagy adott esetben aluf\u00f3li\u00e1val b\u00e9lelt ruh\u00e1zatban, vagy babakocsival \u2013 \u00e9rkez\u0151 tolvajok az \u00fczletbe t\u00f6rt\u00e9n\u0151 bejut\u00e1s\u00e1t is megakad\u00e1lyozhatja.\u00a0 \u00a0A tapasztalat szerint m\u00e1r a Metalguard\u00a0\u00e9s a Hyperguard l\u00e1tv\u00e1nya is elriasztja a tolvajokat, ami nem kis sikerk\u00e9nt \u00e9rt\u00e9kelhet\u0151.<\/p>\n<p>Seg\u00edts\u00e9g\u00e9vel elker\u00fclhet\u0151, hogy az elad\u00f3 szem\u00e9lyzetnek konfront\u00e1l\u00f3dni kelljen a tolvajokkal, vagy a t\u00f6bb tagb\u00f3l \u00e1ll\u00f3, \u00f6sszej\u00e1tsz\u00f3 tolvaj csoportokkal, ami nem minden esetben vesz\u00e9lytelen.<\/p>\n<p>A Metalguard\u00a0term\u00e9kek sz\u00e1mos kiskereskedelmi egys\u00e9g, m\u00edg a Hyperguard a bev\u00e1s\u00e1rl\u00f3 kocsikat is haszn\u00e1l\u00f3 nagyobb \u00fczletek, szuper- \u00e9s hipermarketek, bark\u00e1cs- \u00e9s elektronikai \u00e1ruh\u00e1zak sz\u00e1m\u00e1ra jelenthet hat\u00e9kony megold\u00e1st az aluf\u00f3li\u00e1s \u00e1rny\u00e9kol\u00e1st alkalmaz\u00f3 profi tolvajok ellen \u00e9s k\u00e9pes nagy biztons\u00e1ggal kijelezni azt.<\/p>\n<h3 style=\"text-align: center;\">Ismerje meg a Metalguard \u00e9s Hyperguard antenn\u00e1inkat:<\/h3>\n<div class=\"one_half\">\n<div class=\"description clearfix style-2\">\n<p style=\"text-align: center;\"><span class=\"retinaicon  retinaicon-medium\"  style=\"text-align: center !important;\"><span class=\"retinaicon-chevron-right\" style=\"background-color: transparent; color: #686868;\"><\/span><\/span><br \/>\n<a href=\"http:\/\/shopguard.hu\/retail-security\/metalguard\/\" target=\"_blank\" class=\" button alternative-1 medium\" rel=\"slides[buttonlightbox]\">Metalguard<\/a><\/div>\n<\/div>\n<div class=\"one_half last\">\n<div class=\"description clearfix style-2\">\n<p style=\"text-align: center;\"><span class=\"retinaicon  retinaicon-medium\"  style=\"text-align: center !important;\"><span class=\"retinaicon-chevron-right\" style=\"background-color: transparent; color: #686868;\"><\/span><\/span><br \/>\n<a href=\"http:\/\/shopguard.hu\/hu\/retail-security\/hyperguard\/\" target=\"_blank\" class=\" button alternative-1 medium\" rel=\"slides[buttonlightbox]\">Hyperguard<\/a><\/div>\n<\/div>\n<div class=\"clear\"><\/div>\n<\/p>\n<p style=\"text-align: center;\">\n<div class=\"hr hr1\" style='margin:40px 0px 40px 0px !important;'><\/div>\n<\/p>\n<p style=\"text-align: center;\"><a href=\"http:\/\/shopguard.hu\/hu\/gyakran-ismetelt-kerdesek\/\" target=\"_self\" class=\" button alternative-2 medium\" rel=\"slides[buttonlightbox]\">Gyakran Ism\u00e9telt K\u00e9rd\u00e9sek<\/a><\/p>\n","protected":false},"excerpt":{"rendered":"<p>A f\u00e9m\u00e9rz\u00e9kel\u00e9s sz\u00fcks\u00e9gess\u00e9ge az \u00fczletekben B\u00e1r az aluf\u00f3li\u00e1val b\u00e9lelt t\u00e1sk\u00e1kat a profi tolvajok sz\u00e9les-k\u00f6rben alkalmazz\u00e1k, a legt\u00f6bb keresked\u0151 \u00e9s \u00fczlettulajdonos sz\u00e1m\u00e1ra ismeretlen ez a probl\u00e9ma, aminek az az oka, hogy\u2026 <a href=\"https:\/\/shopguard.hu\/hu\/gyakran-ismetelt-kerdesek\/metalguard-hyperguard\/\" class=\"read-more-link\">read more &rarr;<\/a><\/p>\n","protected":false},"author":1,"featured_media":2521,"parent":2478,"menu_order":0,"comment_status":"closed","ping_status":"closed","template":"page-fullwidth.php","meta":[],"_links":{"self":[{"href":"https:\/\/shopguard.hu\/hu\/wp-json\/wp\/v2\/pages\/2484"}],"collection":[{"href":"https:\/\/shopguard.hu\/hu\/wp-json\/wp\/v2\/pages"}],"about":[{"href":"https:\/\/shopguard.hu\/hu\/wp-json\/wp\/v2\/types\/page"}],"author":[{"embeddable":true,"href":"https:\/\/shopguard.hu\/hu\/wp-json\/wp\/v2\/users\/1"}],"replies":[{"embeddable":true,"href":"https:\/\/shopguard.hu\/hu\/wp-json\/wp\/v2\/comments?post=2484"}],"version-history":[{"count":4,"href":"https:\/\/shopguard.hu\/hu\/wp-json\/wp\/v2\/pages\/2484\/revisions"}],"predecessor-version":[{"id":2692,"href":"https:\/\/shopguard.hu\/hu\/wp-json\/wp\/v2\/pages\/2484\/revisions\/2692"}],"up":[{"embeddable":true,"href":"https:\/\/shopguard.hu\/hu\/wp-json\/wp\/v2\/pages\/2478"}],"wp:featuredmedia":[{"embeddable":true,"href":"https:\/\/shopguard.hu\/hu\/wp-json\/wp\/v2\/media\/2521"}],"wp:attachment":[{"href":"https:\/\/shopguard.hu\/hu\/wp-json\/wp\/v2\/media?parent=2484"}],"curies":[{"name":"wp","href":"https:\/\/api.w.org\/{rel}","templated":true}]}}