{"id":2491,"date":"2018-05-02T09:01:23","date_gmt":"2018-05-02T09:01:23","guid":{"rendered":"http:\/\/shopguard.com\/?page_id=2491"},"modified":"2018-08-08T08:52:57","modified_gmt":"2018-08-08T08:52:57","slug":"apparelguard-a-probafulkek-vedelme","status":"publish","type":"page","link":"https:\/\/shopguard.hu\/hu\/gyakran-ismetelt-kerdesek\/apparelguard-a-probafulkek-vedelme\/","title":{"rendered":"Apparelguard &#8211; v\u00e9delem a pr\u00f3baf\u00fclk\u00e9ben"},"content":{"rendered":"<h1>\u00daj t\u00edpus\u00fa bolti lop\u00e1sok &#8211; a pr\u00f3baf\u00fclk\u00e9k legnagyobb ellens\u00e9gei az illeg\u00e1lis m\u00e1gnesek<\/h1>\n<p>A ruh\u00e1zati \u00fczletekben lop\u00e1s leggyakrabban a pr\u00f3baf\u00fclk\u00e9kben fordul el\u0151. A tolvajok sok esetben m\u00e1gnest visznek magukkal, amivel semleges\u00edteni lehet a ruh\u00e1kra szerelt biztons\u00e1gi eszk\u00f6z\u00f6ket, c\u00edmk\u00e9ket, amelyeket a kij\u00e1ratn\u00e1l a biztons\u00e1gi kapuk \u00e9rz\u00e9keln\u00e9nek \u00e9s riaszt\u00e1st adn\u00e1nak le. A leszerelt c\u00edmk\u00e9ket vagy a pr\u00f3baf\u00fclk\u00e9ben hagyj\u00e1k, vagy m\u00e1s ruhadarabokra er\u0151s\u00edtik.<\/p>\n<p>Az <strong>Apparelguard kiv\u00e1l\u00f3 eszk\u00f6z lehet az ilyen t\u00edpus\u00fa lop\u00e1sok megakad\u00e1lyoz\u00e1s\u00e1ra. Az Apparelguard, amely kism\u00e9ret\u0171 fekete sz\u00edn\u0171 antenn\u00e1k seg\u00edts\u00e9g\u00e9vel \u00e9rz\u00e9keli a m\u00e1gneses er\u0151 v\u00e1ltoz\u00e1s\u00e1t, a divat\u00fczletek pr\u00f3baf\u00fclk\u00e9iben ker\u00fclhet elhelyez\u00e9sre, a falra szerelve. Ez az antenna \u00e9rz\u00e9keli az illeg\u00e1lisan bevitt m\u00e1gneseket m\u00e1r a <\/strong>pr\u00f3baf\u00fclk\u00e9k bej\u00e1rat\u00e1n\u00e1l, miel\u0151tt azokat a tolvajok alkalmazhatn\u00e1k. Ennek eredm\u00e9nyek\u00e9ppen a tolvajok be sem jutnak a pr\u00f3baf\u00fclk\u00e9be, hiszen a leadott riaszt\u00e1s miatt a szem\u00e9lyzet azonnal tud int\u00e9zkedni.<\/p>\n<p>Az <strong>Apparelguard alkalmaz\u00e1sa elriasztja a tolvajokat, akik \u00edgy elker\u00fclik az \u00fczleteket, \u00e9s \u00edgy az elad\u00f3knak nem kell szembeker\u00fclni\u00fck a profi tolvajokkal, vagy szervezett tolvaj csoportokkal, ami nem mindig vesz\u00e9lytelen. <\/strong><\/p>\n<p>Ez az egyedi megold\u00e1s\u00fa m\u00e1gnes \u00e9rz\u00e9kel\u0151 technol\u00f3gia ak\u00e1r 10 pr\u00f3baf\u00fclk\u00e9t is v\u00e9dhet oly m\u00f3don, hogy azonnal \u00e9rz\u00e9keli, ha valaki olyan illeg\u00e1lisan beszerzett m\u00e1gneses eszk\u00f6zt visz mag\u00e1val, ami lehet\u0151v\u00e9 teszi a biztons\u00e1gi c\u00edmke elt\u00e1vol\u00edt\u00e1s\u00e1t vagy semleges\u00edt\u00e9s\u00e9t. A riaszt\u00f3 akkor indul be, amikor a tolvaj megpr\u00f3b\u00e1lja a c\u00edmk\u00e9t elt\u00e1vol\u00edtani, \u00edgy a biztons\u00e1gi szem\u00e9lyzet id\u0151ben reag\u00e1lhat az esetre.<\/p>\n<p><strong>Mivel t\u00f6bbf\u00e9le \u00e9rz\u00e9kel\u00e9si m\u00f3dot lehet be\u00e1ll\u00edtani, <\/strong>elker\u00fclhet\u0151 a t\u00e9ves riaszt\u00e1s a t\u00e1sk\u00e1k, cip\u0151k, stb. \u00e9rz\u00e9kel\u00e9se miatt.<\/p>\n<p>A hat\u00e9kony <strong>Apparelguard eszk\u00f6z alkalmaz\u00e1sa nagys\u00e1grendekkel cs\u00f6kkentheti a ruh\u00e1zati boltokban, divat\u00fczletekben elk\u00f6vetett lop\u00e1sok sz\u00e1m\u00e1t.<\/strong><\/p>\n<p>Tekintse meg r\u00f6vid vide\u00f3nkat, ami t\u00f6k\u00e9letesen szeml\u00e9lteti a probl\u00e9m\u00e1t:<\/p>\n<div class='video-embed'><iframe src='https:\/\/www.youtube.com\/embed\/90BMMeuKZaQ?HD=1;rel=0;showinfo=0' width='560' height='315' class='iframe'><\/iframe><\/div>\n<p style=\"text-align: center;\">\n<div class=\"teaserbox\">\n<div class=\"border\">\n<h2 class=\"highlight\"><\/h2>\n<\/p>\n<h3 style=\"text-align: center;\">L\u00e1togassa meg az Apparelguard term\u00e9koldalt tov\u00e1bbi inform\u00e1ci\u00f3\u00e9rt:<\/h3>\n<p style=\"text-align: center;\"><a class=\"button medium alternative-1\" href=\"http:\/\/shopguard.hu\/hu\/retail-security\/apparelguard\/\" target=\"_blank\">Apparelguard<\/a><\/div>\n<\/div>\n<p style=\"text-align: center;\">\n<div class=\"hr hr1\" style='margin:40px 0px 40px 0px !important;'><\/div>\n<\/p>\n<p style=\"text-align: center;\"><a href=\"http:\/\/shopguard.hu\/hu\/gyakran-ismetelt-kerdesek\/\" target=\"_self\" class=\" button alternative-2 medium\" rel=\"slides[buttonlightbox]\">Gyakran Ism\u00e9telt K\u00e9rd\u00e9sek<\/a><\/p>\n","protected":false},"excerpt":{"rendered":"<p>\u00daj t\u00edpus\u00fa bolti lop\u00e1sok &#8211; a pr\u00f3baf\u00fclk\u00e9k legnagyobb ellens\u00e9gei az illeg\u00e1lis m\u00e1gnesek A ruh\u00e1zati \u00fczletekben lop\u00e1s leggyakrabban a pr\u00f3baf\u00fclk\u00e9kben fordul el\u0151. A tolvajok sok esetben m\u00e1gnest visznek magukkal, amivel semleges\u00edteni\u2026 <a href=\"https:\/\/shopguard.hu\/hu\/gyakran-ismetelt-kerdesek\/apparelguard-a-probafulkek-vedelme\/\" class=\"read-more-link\">read more &rarr;<\/a><\/p>\n","protected":false},"author":1,"featured_media":2519,"parent":2478,"menu_order":0,"comment_status":"closed","ping_status":"closed","template":"page-fullwidth.php","meta":[],"_links":{"self":[{"href":"https:\/\/shopguard.hu\/hu\/wp-json\/wp\/v2\/pages\/2491"}],"collection":[{"href":"https:\/\/shopguard.hu\/hu\/wp-json\/wp\/v2\/pages"}],"about":[{"href":"https:\/\/shopguard.hu\/hu\/wp-json\/wp\/v2\/types\/page"}],"author":[{"embeddable":true,"href":"https:\/\/shopguard.hu\/hu\/wp-json\/wp\/v2\/users\/1"}],"replies":[{"embeddable":true,"href":"https:\/\/shopguard.hu\/hu\/wp-json\/wp\/v2\/comments?post=2491"}],"version-history":[{"count":7,"href":"https:\/\/shopguard.hu\/hu\/wp-json\/wp\/v2\/pages\/2491\/revisions"}],"predecessor-version":[{"id":2697,"href":"https:\/\/shopguard.hu\/hu\/wp-json\/wp\/v2\/pages\/2491\/revisions\/2697"}],"up":[{"embeddable":true,"href":"https:\/\/shopguard.hu\/hu\/wp-json\/wp\/v2\/pages\/2478"}],"wp:featuredmedia":[{"embeddable":true,"href":"https:\/\/shopguard.hu\/hu\/wp-json\/wp\/v2\/media\/2519"}],"wp:attachment":[{"href":"https:\/\/shopguard.hu\/hu\/wp-json\/wp\/v2\/media?parent=2491"}],"curies":[{"name":"wp","href":"https:\/\/api.w.org\/{rel}","templated":true}]}}