{"id":2571,"date":"2018-06-17T07:12:06","date_gmt":"2018-06-17T07:12:06","guid":{"rendered":"http:\/\/shopguard.com\/?page_id=2571"},"modified":"2018-08-08T09:04:28","modified_gmt":"2018-08-08T09:04:28","slug":"szeferek","status":"publish","type":"page","link":"https:\/\/shopguard.hu\/hu\/gyakran-ismetelt-kerdesek\/szeferek\/","title":{"rendered":"Sz\u00e9ferek"},"content":{"rendered":"<h1>Mi az a sz\u00e9fer, safer doboz?<\/h1>\n<p>Az elektromos \u00e1ruv\u00e9delmi rendszerekkel egy\u00fctt sz\u00e1mos m\u00e1s biztons\u00e1gi eszk\u00f6z alkalmaz\u00e1sa is lehets\u00e9ges a bolti lop\u00e1sok megakad\u00e1lyoz\u00e1s\u00e1ra. K\u00fcl\u00f6n\u00f6sen fontos ez az olyan term\u00e9kek eset\u00e9ben, amelyek kism\u00e9ret\u0171ek, nagy t\u00f6megben \u00e1rus\u00edtj\u00e1k \u0151ket, vagy magas \u00e1rkateg\u00f3ri\u00e1ba tartoznak. \u00c1ltal\u00e1ban a tolvajoknak k\u00f6nny\u0171 dolga van ezekkel: csak le kell emelni\u00fck a polcokr\u00f3l vagy a tart\u00f3 \u00e1llv\u00e1nyokr\u00f3l, \u00edgy k\u00f6nny\u0171 ezeket \u00e9szrev\u00e9tlen\u00fcl eltulajdon\u00edtani. Az ilyen \u00e1rucikkek eset\u00e9ben ide\u00e1lis megold\u00e1st k\u00edn\u00e1l az \u00e1rukat tartalmaz\u00f3 biztons\u00e1gi t\u00e1rol\u00f3 doboz, vagy biztons\u00e1gi tok, m\u00e1s n\u00e9ven \u201esz\u00e9fer\u201d.<\/p>\n<p>A \u201esz\u00e9fer\u201d olyan, speci\u00e1lis z\u00e1rszerkezettel ell\u00e1tott \u00e1tl\u00e1tsz\u00f3 v\u00e9d\u0151tokot vagy dobozt jelent, amibe kisebb m\u00e9ret\u0171 \u00e1rukat lehet elhelyezni. Az adott term\u00e9khez csak a z\u00e1rszerkezet kinyit\u00e1sa ut\u00e1n lehet hozz\u00e1f\u00e9rni. A kiskeresked\u0151k sz\u00e1m\u00e1ra \u00edgy lehet\u0151v\u00e9 v\u00e1lik a kisebb m\u00e9ret\u0171 \u00e9s dr\u00e1ga \u00e1rucikkek lop\u00e1s elleni v\u00e9delme, \u00edgy pl. elemeket, kozmetikumokat, mobiltelefonokat, CD-ket, DVD-ket, stb. sz\u00e9ferekben helyeznek el, amelyek ily m\u00f3don tov\u00e1bbra is el\u00e9rhet\u0151ek \u00e9s l\u00e1that\u00f3ak a v\u00e1s\u00e1rl\u00f3k sz\u00e1m\u00e1ra, azonban eltulajdon\u00edt\u00e1sukra nincs m\u00f3d. A sz\u00e9ferek polikarbon\u00e1tb\u00f3l k\u00e9sz\u00fclnek. A polikarbon\u00e1t olyan anyag, ami rendk\u00edv\u00fcl ellen\u00e1ll\u00f3 a k\u00fcls\u0151 mechanikai hat\u00e1sokkal szemben, \u00e9s gyakorlatilag \u201et\u00f6rhetetlen\u201d. Csak a keresked\u0151nek van kulcsa, illetve megfelel\u0151 eszk\u00f6ze a sz\u00e9fereken tal\u00e1lhat\u00f3 z\u00e1rszerkezethez, \u00edgy azokat minden esetben csak a keresked\u0151 tudja kinyitni, emiatt nincs \u00e9rtelme eltulajdon\u00edtani azokat. Manaps\u00e1g a v\u00e9dend\u0151 term\u00e9kek a legsz\u00e9lesebb k\u00f6rb\u0151l ker\u00fclnek ki. A sz\u00e9fereket hat\u00e9konyan alkalmazz\u00e1k olyan kism\u00e9ret\u0171 \u00e9s nagy \u00e9rt\u00e9k\u0171 k\u00e9ziszersz\u00e1mok, f\u00far\u00f3k, alkatr\u00e9szek v\u00e9delm\u00e9re, melyek emiatt fokozott lop\u00e1si kock\u00e1zatnak vannak kit\u00e9ve a bark\u00e1cs\u00e1ruh\u00e1zakban. Szint\u00e9n biztons\u00e1ggal haszn\u00e1lhat\u00f3ak bizonyos recept n\u00e9lk\u00fcl v\u00e1s\u00e1rolhat\u00f3 gy\u00f3gyszerek \u00e9s gy\u00f3gyhat\u00e1s\u00fa k\u00e9sz\u00edtm\u00e9nyek, vagy kozmetikai cikkek, parf\u00fcm\u00f6k akt\u00edv v\u00e9delm\u00e9re. A sz\u00e9ferek jelentik az ide\u00e1lis megold\u00e1st a szint\u00e9n kisebb m\u00e9ret\u0171, de nagy \u00e9rt\u00e9k\u0171 sz\u00f3rakoztat\u00f3 elektronika term\u00e9kek v\u00e9delm\u00e9re is, mint pl. mem\u00f3ria k\u00e1rty\u00e1k, csatlakoz\u00f3k, telefonok, vagy akkumul\u00e1torok.<\/p>\n<p>Napjainkban k\u00f6zel 100-f\u00e9le m\u00e9ret\u0171 v\u00e9d\u0151tok \u00e9s \u2013doboz van haszn\u00e1latban. Ezek egy r\u00e9sze szimpla z\u00e1rszerkezettel ell\u00e1tott, amelyek m\u00e1gnes nyit\u00f3val nyithat\u00f3k, hasonl\u00f3an a kem\u00e9ny etikettekhez, illetve l\u00e9tezik dupla z\u00e1rszerkezetes v\u00e9d\u0151tok is, amelyet nehezebb manipul\u00e1lni. Ezek a v\u00e9d\u0151tokok hossz\u00fak\u00e1s k\u00e9t pontos m\u00e1gnes nyit\u00f3val nyithat\u00f3k, \u00e9s magasabb biztons\u00e1gi fokozatot k\u00e9pviselnek.\u00a0 A sz\u00e9ferek elhelyezhet\u0151ek polcokon, vagy ak\u00e1r tart\u00f3kra is akaszthat\u00f3ak, a benn\u00fck elhelyezett term\u00e9k m\u00e9ret\u00e9t\u0151l vagy jelleg\u00e9t\u0151l f\u00fcgg\u0151en. Fontos m\u00e9g, hogy a v\u00e9d\u0151tokok j\u00f3l illeszkedjenek a v\u00e9dend\u0151 term\u00e9k nagys\u00e1g\u00e1hoz, \u00e9s megjelen\u00e9s\u00fck is eszt\u00e9tikus legyen.<\/p>\n<p><img loading=\"lazy\" class=\"aligncenter wp-image-2597\" src=\"http:\/\/shopguard.hu\/wp-content\/uploads\/2018\/06\/safers.jpg\" alt=\"\" width=\"441\" height=\"332\" srcset=\"https:\/\/shopguard.hu\/wp-content\/uploads\/2018\/06\/safers.jpg 1024w, https:\/\/shopguard.hu\/wp-content\/uploads\/2018\/06\/safers-300x226.jpg 300w, https:\/\/shopguard.hu\/wp-content\/uploads\/2018\/06\/safers-768x578.jpg 768w, https:\/\/shopguard.hu\/wp-content\/uploads\/2018\/06\/safers-100x75.jpg 100w\" sizes=\"(max-width: 441px) 100vw, 441px\" \/><\/p>\n<p style=\"text-align: center;\">Vegye fel vel\u00fcnk a kapcsolatot \u00e9s tudja meg, milyen term\u00e9keket \u00e9rt\u00e9kes\u00edt\u00fcnk!<\/p>\n<div class=\"vce-row-container\">\n<div id=\"el-56a815b2\" class=\"vce-row vce-row--col-gap-30 vce-row-columns--top vce-row-content--top\" data-vce-do-apply=\"all el-56a815b2\">\n<div class=\"vce-row-content\" data-vce-element-content=\"true\">\n<div id=\"el-768e1ba0\" class=\"vce-col vce-col--md-100p vce-col--xs-1 vce-col--xs-last vce-col--xs-first vce-col--sm-last vce-col--sm-first vce-col--md-last vce-col--lg-last vce-col--xl-last vce-col--md-first vce-col--lg-first vce-col--xl-first\" data-vce-do-apply=\"background border el-768e1ba0\">\n<div class=\"vce-col-inner\" data-vce-element-content=\"true\" data-vce-do-apply=\"padding margin el-768e1ba0\">\n<div class=\"vce-button--style-outline-container vce-button--style-outline-container--align-center\"><span id=\"el-0ccc22be\" class=\"vce-button--style-outline-wrapper vce\" data-vce-do-apply=\"margin el-0ccc22be\"><a class=\"vce-button--style-outline-animated vce-button--style-outline--border-square vce-button--style-outline--size-medium vce-button--style-outline-animated--color-b-85-85-85--fff--3d3d3d vce-button--style-outline-animated--border-color-b-85-85-85--3d3d3d vce-button--style-outline-animated--background-color-b-210-0-0\" title=\"\" href=\"mailto:ertekesites@shopguard.com\" data-vce-do-apply=\"padding border background el-0ccc22be\"><span class=\"vce-button--style-outline-text\">\u00cdrjon nek\u00fcnk!<\/span><\/a><\/span><\/div>\n<div>\n<p style=\"text-align: center;\">\n<div class=\"hr hr1\" style='margin:40px 0px 40px 0px !important;'><\/div>\n<\/p>\n<p style=\"text-align: center;\"><a href=\"http:\/\/shopguard.hu\/hu\/gyakran-ismetelt-kerdesek\/\" target=\"_self\" class=\" button alternative-2 medium\" rel=\"slides[buttonlightbox]\">Gyakran ism\u00e9telt k\u00e9rd\u00e9sek<\/a><\/p>\n<\/div>\n<\/div>\n<\/div>\n<\/div>\n<\/div>\n<\/div>\n","protected":false},"excerpt":{"rendered":"<p>Mi az a sz\u00e9fer, safer doboz? Az elektromos \u00e1ruv\u00e9delmi rendszerekkel egy\u00fctt sz\u00e1mos m\u00e1s biztons\u00e1gi eszk\u00f6z alkalmaz\u00e1sa is lehets\u00e9ges a bolti lop\u00e1sok megakad\u00e1lyoz\u00e1s\u00e1ra. K\u00fcl\u00f6n\u00f6sen fontos ez az olyan term\u00e9kek eset\u00e9ben, amelyek\u2026 <a href=\"https:\/\/shopguard.hu\/hu\/gyakran-ismetelt-kerdesek\/szeferek\/\" class=\"read-more-link\">read more &rarr;<\/a><\/p>\n","protected":false},"author":1,"featured_media":2635,"parent":2478,"menu_order":0,"comment_status":"closed","ping_status":"closed","template":"page-fullwidth.php","meta":[],"_links":{"self":[{"href":"https:\/\/shopguard.hu\/hu\/wp-json\/wp\/v2\/pages\/2571"}],"collection":[{"href":"https:\/\/shopguard.hu\/hu\/wp-json\/wp\/v2\/pages"}],"about":[{"href":"https:\/\/shopguard.hu\/hu\/wp-json\/wp\/v2\/types\/page"}],"author":[{"embeddable":true,"href":"https:\/\/shopguard.hu\/hu\/wp-json\/wp\/v2\/users\/1"}],"replies":[{"embeddable":true,"href":"https:\/\/shopguard.hu\/hu\/wp-json\/wp\/v2\/comments?post=2571"}],"version-history":[{"count":3,"href":"https:\/\/shopguard.hu\/hu\/wp-json\/wp\/v2\/pages\/2571\/revisions"}],"predecessor-version":[{"id":2693,"href":"https:\/\/shopguard.hu\/hu\/wp-json\/wp\/v2\/pages\/2571\/revisions\/2693"}],"up":[{"embeddable":true,"href":"https:\/\/shopguard.hu\/hu\/wp-json\/wp\/v2\/pages\/2478"}],"wp:featuredmedia":[{"embeddable":true,"href":"https:\/\/shopguard.hu\/hu\/wp-json\/wp\/v2\/media\/2635"}],"wp:attachment":[{"href":"https:\/\/shopguard.hu\/hu\/wp-json\/wp\/v2\/media?parent=2571"}],"curies":[{"name":"wp","href":"https:\/\/api.w.org\/{rel}","templated":true}]}}