{"id":2576,"date":"2018-06-17T07:06:57","date_gmt":"2018-06-17T07:06:57","guid":{"rendered":"http:\/\/shopguard.com\/?page_id=2576"},"modified":"2018-08-08T09:01:10","modified_gmt":"2018-08-08T09:01:10","slug":"kemeny-etikettek","status":"publish","type":"page","link":"https:\/\/shopguard.hu\/hu\/gyakran-ismetelt-kerdesek\/kemeny-etikettek\/","title":{"rendered":"Kem\u00e9ny etikettek"},"content":{"rendered":"<h1>Kem\u00e9ny etikettek, azaz a hardtag<\/h1>\n<p>Az elektromos \u00e1ruv\u00e9delmi rendszerek eset\u00e9ben alkalmazott \u00e9s az antenn\u00e1k \u00e1ltal \u00e9rz\u00e9kelt term\u00e9kre er\u0151s\u00edthet\u0151 riaszt\u00f3 eszk\u00f6z\u00f6ket, mint p\u00e9ld\u00e1ul a nagy, k\u00e9t r\u00e9szb\u0151l \u00e1ll\u00f3, kit\u0171z\u0151-szer\u0171 m\u0171anyag eszk\u00f6z\u00f6ket, az \u00fagy-nevezett etiketteket, a p\u00e9nzt\u00e1ros az erre szolg\u00e1l\u00f3 speci\u00e1lis eszk\u00f6zzel t\u00e1vol\u00edtja el fizet\u00e9skor. \u00a0Ennek k\u00f6sz\u00f6nhet\u0151en az \u00e1ruv\u00e9delmi kapu, melyet a kassz\u00e1t\u00f3l megfelel\u0151 t\u00e1vols\u00e1gra kell elhelyezni, nem fog riaszt\u00f3 jelz\u00e9st adni. Ha azonban ezek az eszk\u00f6z\u00f6k nem ker\u00fclnek elt\u00e1vol\u00edt\u00e1sra, \u00e9s t\u00e1voz\u00e1skor a term\u00e9kkel egy\u00fctt az \u00e1ruv\u00e9delmi kapu k\u00f6zel\u00e9be ker\u00fclnek, az antenna detektora \u00e9rz\u00e9kelni fogja a hat\u00f3sugar\u00e1ba ker\u00fcl\u0151 jeleket, \u00e9s jelzi \u2013 hang- \u00e9s f\u00e9nyjelz\u00e9ssel &#8211; a lop\u00e1si k\u00eds\u00e9rletet.\u00a0 \u00cdgy az adott \u00fczlet szem\u00e9lyzete vagy biztons\u00e1gi \u0151rei azonnal int\u00e9zkedhetnek.<\/p>\n<p>Az etikettek olyan riaszt\u00f3 eszk\u00f6z\u00f6k, amelyeket speci\u00e1lis m\u00f3don r\u00f6gz\u00edtenek az \u00e1rucikkekre, \u00e9s elt\u00e1vol\u00edt\u00e1suk csak a p\u00e9nzt\u00e1rakn\u00e1l elhelyezett k\u00fcl\u00f6n erre a c\u00e9lra haszn\u00e1latos nyit\u00f3kkal lehets\u00e9ges.\u00a0 Az\u00e9rt jelentenek valamivel biztons\u00e1gosabb megold\u00e1st az \u00e1ruv\u00e9delmi c\u00edmk\u00e9kn\u00e9l, mert a tolvajok sz\u00e1m\u00e1ra elt\u00e1vol\u00edt\u00e1suk lehetetlen, illetve, ha ki akarj\u00e1k vinni az \u00fczletb\u0151l, az \u00e1ruv\u00e9delmi kapuk ezt jelzik a szem\u00e9lyzet sz\u00e1m\u00e1ra.\u00a0 Mivel nagyobb m\u00e9ret\u0171ek \u00e9s jobban v\u00e9dettek a s\u00e9r\u00fcl\u00e9sek ellen, megb\u00edzhat\u00f3bbak \u00e9s nagyobb hat\u00e1sfok\u00faak az \u00e1ruv\u00e9delmi c\u00edmk\u00e9kn\u00e9l. Felhaszn\u00e1l\u00e1suk is gazdas\u00e1gosabb, mint az \u00e1ruv\u00e9delmi c\u00edmk\u00e9k\u00e9, hiszen nem sz\u00fcks\u00e9ges \u00fajragy\u00e1rtani azokat, mivel elt\u00e1vol\u00edt\u00e1sukat k\u00f6vet\u0151en \u00fajra felhaszn\u00e1lhat\u00f3ak.<\/p>\n<p>Az etikettek sz\u00e1mos verzi\u00f3ja van forgalomban. Tervez\u00e9s\u00fck sor\u00e1n a piaci ig\u00e9nyek teljes k\u00f6r\u0171 kiel\u00e9g\u00edt\u00e9s\u00e9re t\u00f6rekedtek, \u00edgy l\u00e9tezik keskeny\u00edtett, k\u00f6nny\u00edtett kivitelben, kerek \u00e9s hossz\u00fak\u00e1s form\u00e1ban, illetve ac\u00e9lsz\u00e1llal ell\u00e1tott v\u00e1ltozatban is.\u00a0 Felhelyez\u00e9s\u00fck \u00e9s a megfelel\u0151 eszk\u00f6zzel t\u00f6rt\u00e9n\u0151 elt\u00e1vol\u00edt\u00e1suk is egyszer\u0171. N\u00e9h\u00e1ny etikett er\u0151s m\u00e1gneses szor\u00edt\u00f3z\u00e1rral felszerelt, de l\u00e9tezik sima m\u00e1gnesz\u00e1rral vagy mechanikus z\u00e1rral \u00e9s speci\u00e1lis mechanikus nyit\u00f3val nyithat\u00f3 verzi\u00f3 is. Asztali, k\u00e9zi vagy be\u00e9p\u00edthet\u0151 nyit\u00f3k is el\u00e9rhet\u0151ek a piacon.<\/p>\n<p>P\u00e9ld\u00e1ul a kem\u00e9ny etiketteket haszn\u00e1lj\u00e1k nagy \u00e9rt\u00e9k\u0171 alkoholos italok v\u00e9delm\u00e9re is, de ez a fajta mechanikus v\u00e9delem els\u0151sorban a ruh\u00e1zati kereskedelemben jelenik meg, mint vagyonv\u00e9delmi m\u00f3dszer. A mechanikus \u00e1ruv\u00e9d\u0151ket \u00fagy r\u00f6gz\u00edtik a term\u00e9khez, hogy annak nem szakszer\u0171 elt\u00e1vol\u00edt\u00e1sa k\u00e1ros\u00edtja, haszn\u00e1lhatatlann\u00e1 teszi az \u00e1rut. A tintapatronos etikett alkalmazhat\u00f3 erre a c\u00e9lra, amelyet f\u0151k\u00e9nt ruh\u00e1zati term\u00e9kek v\u00e9delm\u00e9re haszn\u00e1lnak. A ruh\u00e1ra felszerelt etikett \u00e9l\u00e9nk sz\u00edn\u0171 tint\u00e1t tartalmaz, ami kifolyhat a tart\u00e1lyb\u00f3l, amennyiben az etikettet nem megfelel\u0151en t\u00e1vol\u00edtj\u00e1k el. Amennyiben az etikett elt\u00e1vol\u00edt\u00e1s\u00e1ra az erre a c\u00e9lra kifejlesztett hat\u00e1stalan\u00edt\u00f3t haszn\u00e1lj\u00e1k, azt biztons\u00e1gosan el lehet t\u00e1vol\u00edtani, \u00edgy a fest\u00e9ktart\u00e1ly nem s\u00e9r\u00fcl, \u00e9s a term\u00e9k haszn\u00e1lhat\u00f3v\u00e1 v\u00e1lik. Ennek a megold\u00e1snak az az el\u0151nye, hogy nem ig\u00e9nyel k\u00fcl\u00f6n riaszt\u00f3rendszert. Viszonylag alacsony k\u00f6lts\u00e9g\u0171 beruh\u00e1z\u00e1ssal megval\u00f3s\u00edthat\u00f3, \u00e9s a m\u0171k\u00f6dtet\u00e9s k\u00f6lts\u00e9ge is minim\u00e1lis.<\/p>\n<p style=\"text-align: center;\">Vegye fel vel\u00fcnk a kapcsolatot \u00e9s tudja meg, milyen term\u00e9keket \u00e9rt\u00e9kes\u00edt\u00fcnk!<\/p>\n<div class=\"vce-row-container\">\n<div id=\"el-56a815b2\" class=\"vce-row vce-row--col-gap-30 vce-row-columns--top vce-row-content--top\" data-vce-do-apply=\"all el-56a815b2\">\n<div class=\"vce-row-content\" data-vce-element-content=\"true\">\n<div id=\"el-768e1ba0\" class=\"vce-col vce-col--md-100p vce-col--xs-1 vce-col--xs-last vce-col--xs-first vce-col--sm-last vce-col--sm-first vce-col--md-last vce-col--lg-last vce-col--xl-last vce-col--md-first vce-col--lg-first vce-col--xl-first\" data-vce-do-apply=\"background border el-768e1ba0\">\n<div class=\"vce-col-inner\" data-vce-element-content=\"true\" data-vce-do-apply=\"padding margin el-768e1ba0\">\n<div class=\"vce-button--style-outline-container vce-button--style-outline-container--align-center\"><span id=\"el-0ccc22be\" class=\"vce-button--style-outline-wrapper vce\" data-vce-do-apply=\"margin el-0ccc22be\"><a class=\"vce-button--style-outline-animated vce-button--style-outline--border-square vce-button--style-outline--size-medium vce-button--style-outline-animated--color-b-85-85-85--fff--3d3d3d vce-button--style-outline-animated--border-color-b-85-85-85--3d3d3d vce-button--style-outline-animated--background-color-b-210-0-0\" title=\"\" href=\"mailto:ertekesites@shopguard.com\" data-vce-do-apply=\"padding border background el-0ccc22be\"><span class=\"vce-button--style-outline-text\">\u00cdrjon nek\u00fcnk!<\/span><\/a><\/span><\/div>\n<div>\n<p style=\"text-align: center;\">\n<div class=\"hr hr1\" style='margin:40px 0px 40px 0px !important;'><\/div>\n<\/p>\n<p style=\"text-align: center;\"><a href=\"http:\/\/shopguard.hu\/hu\/gyakran-ismetelt-kerdesek\/\" target=\"_self\" class=\" button alternative-2 medium\" rel=\"slides[buttonlightbox]\">Gyakran ism\u00e9telt k\u00e9rd\u00e9sek<\/a><\/p>\n<\/div>\n<p>&nbsp;<\/p>\n<\/div>\n<\/div>\n<\/div>\n<\/div>\n<\/div>\n","protected":false},"excerpt":{"rendered":"<p>Kem\u00e9ny etikettek, azaz a hardtag Az elektromos \u00e1ruv\u00e9delmi rendszerek eset\u00e9ben alkalmazott \u00e9s az antenn\u00e1k \u00e1ltal \u00e9rz\u00e9kelt term\u00e9kre er\u0151s\u00edthet\u0151 riaszt\u00f3 eszk\u00f6z\u00f6ket, mint p\u00e9ld\u00e1ul a nagy, k\u00e9t r\u00e9szb\u0151l \u00e1ll\u00f3, kit\u0171z\u0151-szer\u0171 m\u0171anyag eszk\u00f6z\u00f6ket,\u2026 <a href=\"https:\/\/shopguard.hu\/hu\/gyakran-ismetelt-kerdesek\/kemeny-etikettek\/\" class=\"read-more-link\">read more &rarr;<\/a><\/p>\n","protected":false},"author":1,"featured_media":2634,"parent":2478,"menu_order":0,"comment_status":"closed","ping_status":"closed","template":"page-fullwidth.php","meta":[],"_links":{"self":[{"href":"https:\/\/shopguard.hu\/hu\/wp-json\/wp\/v2\/pages\/2576"}],"collection":[{"href":"https:\/\/shopguard.hu\/hu\/wp-json\/wp\/v2\/pages"}],"about":[{"href":"https:\/\/shopguard.hu\/hu\/wp-json\/wp\/v2\/types\/page"}],"author":[{"embeddable":true,"href":"https:\/\/shopguard.hu\/hu\/wp-json\/wp\/v2\/users\/1"}],"replies":[{"embeddable":true,"href":"https:\/\/shopguard.hu\/hu\/wp-json\/wp\/v2\/comments?post=2576"}],"version-history":[{"count":4,"href":"https:\/\/shopguard.hu\/hu\/wp-json\/wp\/v2\/pages\/2576\/revisions"}],"predecessor-version":[{"id":2691,"href":"https:\/\/shopguard.hu\/hu\/wp-json\/wp\/v2\/pages\/2576\/revisions\/2691"}],"up":[{"embeddable":true,"href":"https:\/\/shopguard.hu\/hu\/wp-json\/wp\/v2\/pages\/2478"}],"wp:featuredmedia":[{"embeddable":true,"href":"https:\/\/shopguard.hu\/hu\/wp-json\/wp\/v2\/media\/2634"}],"wp:attachment":[{"href":"https:\/\/shopguard.hu\/hu\/wp-json\/wp\/v2\/media?parent=2576"}],"curies":[{"name":"wp","href":"https:\/\/api.w.org\/{rel}","templated":true}]}}