{"id":3122,"date":"2021-11-11T14:12:54","date_gmt":"2021-11-11T14:12:54","guid":{"rendered":"https:\/\/shopguard.com\/grant_2\/"},"modified":"2023-03-20T10:13:08","modified_gmt":"2023-03-20T10:13:08","slug":"grant_2","status":"publish","type":"page","link":"https:\/\/shopguard.hu\/hu\/grant_2\/","title":{"rendered":""},"content":{"rendered":"<div class=\"vce-row-container\"><div class=\"vce-row vce-row--col-gap-20 vce-row-columns--top vce-row-content--top\" id=\"el-5c1c5320\" data-vce-do-apply=\"all el-5c1c5320\"><div class=\"vce-row-content\" data-vce-element-content=\"true\"><div class=\"vce-col vce-col--md-auto vce-col--xs-1 vce-col--xs-last vce-col--xs-first vce-col--sm-last vce-col--sm-first vce-col--md-first vce-col--lg-first vce-col--xl-first\" id=\"el-4f976781\"><div class=\"vce-col-inner\" data-vce-do-apply=\"border margin background  el-4f976781\"><div class=\"vce-col-content\" data-vce-element-content=\"true\" data-vce-do-apply=\"padding el-4f976781\"><div class=\"vce-text-block\"><div class=\"vce-text-block-wrapper vce\" id=\"el-79729ece\" data-vce-do-apply=\"all el-79729ece\"><p><strong>Kedvezm\u00e9nyezett neve:<\/strong> SHOPGUARD Kereskedelmi Korl\u00e1tolt Felel\u0151ss\u00e9g\u00fc T\u00e1rsas\u00e1g<\/p><\/div><\/div><div class=\"vce-text-block\"><div class=\"vce-text-block-wrapper vce\" id=\"el-550ee0b4\" data-vce-do-apply=\"all el-550ee0b4\"><p><strong>Projekt c\u00edme:<\/strong> A SHOPGUARD KFT. termel\u00e9kenys\u00e9g\u00e9nek \u00e9s technol\u00f3giai n\u00f6vel\u00e9s\u00e9nek t\u00e1mogat\u00e1sa&nbsp;<\/p><\/div><\/div><div class=\"vce-text-block\"><div class=\"vce-text-block-wrapper vce\" id=\"el-bf321fcc\" data-vce-do-apply=\"all el-bf321fcc\"><p><strong>A szerz\u0151d\u00f6tt t\u00e1mogat\u00e1s \u00f6sszege:<\/strong>&nbsp; 55 500 000 Ft<\/p><\/div><\/div><div class=\"vce-text-block\"><div class=\"vce-text-block-wrapper vce\" id=\"el-c5a5d1cb\" data-vce-do-apply=\"all el-c5a5d1cb\"><p><strong>A t\u00e1mogat\u00e1s m\u00e9rt\u00e9ke:<\/strong> 67,189363%<\/p><\/div><\/div><div class=\"vce-text-block\"><div class=\"vce-text-block-wrapper vce\" id=\"el-01dab5c1\" data-vce-do-apply=\"all el-01dab5c1\"><p><strong>A projekt tartalm\u00e1nak bemutat\u00e1sa:<\/strong><\/p><\/div><\/div><\/div><\/div><\/div><div class=\"vce-col vce-col--md-auto vce-col--xs-1 vce-col--xs-last vce-col--xs-first vce-col--sm-last vce-col--sm-first vce-col--md-last vce-col--lg-last vce-col--xl-last\" id=\"el-b293ea41\"><div class=\"vce-col-inner\" data-vce-do-apply=\"border margin background  el-b293ea41\"><div class=\"vce-col-content\" data-vce-element-content=\"true\" data-vce-do-apply=\"padding el-b293ea41\"><div class=\"vce-single-image-container vce-single-image--align-left\"><div class=\"vce vce-single-image-wrapper\" id=\"el-a06df208\" data-vce-do-apply=\"all el-a06df208\"><figure><div class=\"vce-single-image-inner vce-single-image--absolute\" style=\"padding-bottom: 69.146%; width: 363px;\"><img class=\"vce-single-image\" width=\"363\" height=\"251\"src=\"https:\/\/shopguard.hu\/wp-content\/uploads\/2023\/03\/infoblokk_kedv_final_felso_cmyk_ERFA_25_TR-363x251.png\" srcset=\"https:\/\/shopguard.hu\/wp-content\/uploads\/2023\/03\/infoblokk_kedv_final_felso_cmyk_ERFA_25_TR-320x221.png 320w,https:\/\/shopguard.hu\/wp-content\/uploads\/2023\/03\/infoblokk_kedv_final_felso_cmyk_ERFA_25_TR-363x251.png 363w\" data-img-src=\"https:\/\/shopguard.hu\/wp-content\/uploads\/2021\/11\/infoblokk_kedv_final_felso_cmyk_ERFA_25_TR.png\" alt=\"\" title=\"infoblokk_kedv_final_felso_cmyk_ERFA_25_TR\" \/><\/div><figcaption hidden=\"\"><\/figcaption><\/figure><\/div><\/div><\/div><\/div><\/div><\/div><\/div><\/div><div class=\"vce-row-container\"><div class=\"vce-row vce-row--col-gap-30 vce-row-columns--top vce-row-content--top\" id=\"el-af4a2d56\" data-vce-do-apply=\"all el-af4a2d56\"><div class=\"vce-row-content\" data-vce-element-content=\"true\"><div class=\"vce-col vce-col--md-auto vce-col--xs-1 vce-col--xs-last vce-col--xs-first vce-col--sm-last vce-col--sm-first vce-col--md-last vce-col--lg-last vce-col--xl-last vce-col--md-first vce-col--lg-first vce-col--xl-first\" id=\"el-e034cfa7\"><div class=\"vce-col-inner\" data-vce-do-apply=\"border margin background  el-e034cfa7\"><div class=\"vce-col-content\" data-vce-element-content=\"true\" data-vce-do-apply=\"padding el-e034cfa7\"><div class=\"vce-text-block\"><div class=\"vce-text-block-wrapper vce\" id=\"el-a5a03e79\" data-vce-do-apply=\"all el-a5a03e79\"><p>Jelenleg egy \u00faj term\u00e9k\u00fcnk van fejleszt\u00e9s\/gy\u00e1rt\u00e1sel\u0151k\u00e9sz\u00edt\u00e9s alatt, egy \u00e1ruv\u00e9delmi bil\u00e9ta. Ennek a term\u00e9knek az \u00f6sszeszerel\u00e9s\u00e9nek magas az \u00e9l\u0151munka ig\u00e9nye, ami a term\u00e9k \u00e1r\u00e1nak jelent\u0151s r\u00e9sz\u00e9t teszi ki.<\/p>\n<p>Ezen k\u00edv\u00fcl a gy\u00e1rt\u00e1s min\u0151s\u00e9g\u00e9t \u00e9s a kihozatalt is jelent\u0151sen befoly\u00e1solhatja az \u00f6sszeszerel\u00e9st v\u00e9gz\u0151 szem\u00e9ly k\u00e9z\u00fcgyess\u00e9ge. Beszerzend\u0151 eszk\u00f6z c\u00e9lja, hogy az \u00e1ruv\u00e9delmi bil\u00e9ta \u00f6sszeszerel\u00e9s\u00e9t automatiz\u00e1ljuk, ez\u00e1ltal n\u00f6velj\u00fck a termel\u00e9kenys\u00e9get, cs\u00f6kkents\u00fck a gy\u00e1rt\u00e1si k\u00f6lts\u00e9get \u00e9s a selejtar\u00e1nyt.<\/p>\n<p>A gy\u00e1rt\u00f3cella fontosabb \u00e1llom\u00e1sa r\u00e9szegys\u00e9gek \u00f6sszeszerel\u00e9se bil\u00e9ta ( 2 alkot\u00f3 h\u00e1z als\u00f3-fels\u0151 elem, k\u00e9t alkot\u00f3t ezekbe kell adagolni, majd az als\u00f3-fels\u0151 elemet \u00f6sszeford\u00edtani), t\u0171 ( 3 alkot\u00f3 \u00f6sszeilleszt\u00e9se), ultrahangos hegeszt\u00e9s ( forg\u00f3t\u00e1lc\u00e1s automata hegeszt\u0151g\u00e9ppel), tesztel\u00e9s.<\/p><\/div><\/div><\/div><\/div><\/div><\/div><\/div><\/div><div class=\"vce-row-container\"><div class=\"vce-row vce-row--col-gap-30 vce-row-columns--top vce-row-content--top\" id=\"el-e66d8c4a\" data-vce-do-apply=\"all el-e66d8c4a\"><div class=\"vce-row-content\" data-vce-element-content=\"true\"><div class=\"vce-col vce-col--md-auto vce-col--xs-1 vce-col--xs-last vce-col--xs-first vce-col--sm-last vce-col--sm-first vce-col--md-last vce-col--lg-last vce-col--xl-last vce-col--md-first vce-col--lg-first vce-col--xl-first\" id=\"el-71347967\"><div class=\"vce-col-inner\" data-vce-do-apply=\"border margin background  el-71347967\"><div class=\"vce-col-content\" data-vce-element-content=\"true\" data-vce-do-apply=\"padding el-71347967\"><div class=\"vce-text-block\"><div class=\"vce-text-block-wrapper vce\" id=\"el-783959ef\" data-vce-do-apply=\"all el-783959ef\"><p><strong>A projekt a Sz\u00e9chenyi 2020 program keret\u00e9ben val\u00f3sul meg.<\/strong><\/p><\/div><\/div><\/div><\/div><\/div><\/div><\/div><\/div><div class=\"vce-row-container\"><div class=\"vce-row vce-row--col-gap-30 vce-row-columns--top vce-row-content--top\" id=\"el-64ce1f22\" data-vce-do-apply=\"all el-64ce1f22\"><div class=\"vce-row-content\" data-vce-element-content=\"true\"><div class=\"vce-col vce-col--md-auto vce-col--xs-1 vce-col--xs-last vce-col--xs-first vce-col--sm-last vce-col--sm-first vce-col--md-last vce-col--lg-last vce-col--xl-last vce-col--md-first vce-col--lg-first vce-col--xl-first\" id=\"el-367635ff\"><div class=\"vce-col-inner\" data-vce-do-apply=\"border margin background  el-367635ff\"><div class=\"vce-col-content\" data-vce-element-content=\"true\" data-vce-do-apply=\"padding el-367635ff\"><div class=\"vce-text-block\"><div class=\"vce-text-block-wrapper vce\" id=\"el-10fe0272\" data-vce-do-apply=\"all el-10fe0272\"><p>A projektr\u0151l b\u0151vebb inform\u00e1ci\u00f3t a www.shopguard.com oldalon olvashatnak.<\/p><\/div><\/div><\/div><\/div><\/div><\/div><\/div><\/div><div class=\"vce-row-container\"><div class=\"vce-row vce-row--col-gap-30 vce-row-columns--top vce-row-content--top\" id=\"el-e194474b\" data-vce-do-apply=\"all el-e194474b\"><div class=\"vce-row-content\" data-vce-element-content=\"true\"><div class=\"vce-col vce-col--md-auto vce-col--xs-1 vce-col--xs-last vce-col--xs-first vce-col--sm-last vce-col--sm-first vce-col--md-last vce-col--lg-last vce-col--xl-last vce-col--md-first vce-col--lg-first vce-col--xl-first\" id=\"el-4248a89e\"><div class=\"vce-col-inner\" data-vce-do-apply=\"border margin background  el-4248a89e\"><div class=\"vce-col-content\" data-vce-element-content=\"true\" data-vce-do-apply=\"padding el-4248a89e\"><div class=\"vce-text-block\"><div class=\"vce-text-block-wrapper vce\" id=\"el-97ba05e6\" data-vce-do-apply=\"all el-97ba05e6\"><p><strong>A projekt befejez\u00e9s\u00e9nek d\u00e1tuma:<\/strong> 2022.02.09.<\/p><\/div><\/div><\/div><\/div><\/div><\/div><\/div><\/div><div class=\"vce-row-container\"><div class=\"vce-row vce-row--col-gap-30 vce-row-columns--top vce-row-content--top\" id=\"el-8897f7bd\" data-vce-do-apply=\"all el-8897f7bd\"><div class=\"vce-row-content\" data-vce-element-content=\"true\"><div class=\"vce-col vce-col--md-auto vce-col--xs-1 vce-col--xs-last vce-col--xs-first vce-col--sm-last vce-col--sm-first vce-col--md-last vce-col--lg-last vce-col--xl-last vce-col--md-first vce-col--lg-first vce-col--xl-first\" id=\"el-f91e3aa4\"><div class=\"vce-col-inner\" data-vce-do-apply=\"border margin background  el-f91e3aa4\"><div class=\"vce-col-content\" data-vce-element-content=\"true\" data-vce-do-apply=\"padding el-f91e3aa4\"><div class=\"vce-text-block\"><div class=\"vce-text-block-wrapper vce\" id=\"el-982bffd7\" data-vce-do-apply=\"all el-982bffd7\"><p><strong>A projekt azonos\u00edt\u00f3 sz\u00e1ma:<\/strong> GINOP-1.2.8-20-2020-00751<\/p><\/div><\/div><\/div><\/div><\/div><\/div><\/div><\/div>\n","protected":false},"excerpt":{"rendered":"<p>Kedvezm\u00e9nyezett neve: SHOPGUARD Kereskedelmi Korl\u00e1tolt Felel\u0151ss\u00e9g\u00fc T\u00e1rsas\u00e1gProjekt c\u00edme: A SHOPGUARD KFT. termel\u00e9kenys\u00e9g\u00e9nek \u00e9s technol\u00f3giai n\u00f6vel\u00e9s\u00e9nek t\u00e1mogat\u00e1sa&nbsp;A szerz\u0151d\u00f6tt t\u00e1mogat\u00e1s \u00f6sszege:&nbsp; 55 500 000 FtA t\u00e1mogat\u00e1s m\u00e9rt\u00e9ke: 67,189363%A projekt tartalm\u00e1nak bemutat\u00e1sa:Jelenleg egy\u2026 <a href=\"https:\/\/shopguard.hu\/hu\/grant_2\/\" class=\"read-more-link\">read more &rarr;<\/a><\/p>\n","protected":false},"author":975901,"featured_media":0,"parent":0,"menu_order":0,"comment_status":"closed","ping_status":"closed","template":"page-fullwidth.php","meta":[],"_links":{"self":[{"href":"https:\/\/shopguard.hu\/hu\/wp-json\/wp\/v2\/pages\/3122"}],"collection":[{"href":"https:\/\/shopguard.hu\/hu\/wp-json\/wp\/v2\/pages"}],"about":[{"href":"https:\/\/shopguard.hu\/hu\/wp-json\/wp\/v2\/types\/page"}],"author":[{"embeddable":true,"href":"https:\/\/shopguard.hu\/hu\/wp-json\/wp\/v2\/users\/975901"}],"replies":[{"embeddable":true,"href":"https:\/\/shopguard.hu\/hu\/wp-json\/wp\/v2\/comments?post=3122"}],"version-history":[{"count":10,"href":"https:\/\/shopguard.hu\/hu\/wp-json\/wp\/v2\/pages\/3122\/revisions"}],"predecessor-version":[{"id":3259,"href":"https:\/\/shopguard.hu\/hu\/wp-json\/wp\/v2\/pages\/3122\/revisions\/3259"}],"wp:attachment":[{"href":"https:\/\/shopguard.hu\/hu\/wp-json\/wp\/v2\/media?parent=3122"}],"curies":[{"name":"wp","href":"https:\/\/api.w.org\/{rel}","templated":true}]}}