{"id":3144,"date":"2021-11-30T16:39:18","date_gmt":"2021-11-30T16:39:18","guid":{"rendered":"https:\/\/shopguard.com\/?page_id=3144"},"modified":"2023-07-18T09:07:44","modified_gmt":"2023-07-18T09:07:44","slug":"grants","status":"publish","type":"page","link":"https:\/\/shopguard.hu\/hu\/grants\/","title":{"rendered":""},"content":{"rendered":"<div class=\"vce-row-container\"><div class=\"vce-row vce-row--col-gap-30 vce-row-columns--top vce-row-content--middle\" id=\"el-94eef553\" data-vce-do-apply=\"all el-94eef553\"><div class=\"vce-row-content\" data-vce-element-content=\"true\"><div class=\"vce-col vce-col--md-81p vce-col--xs-1 vce-col--xs-last vce-col--xs-first vce-col--sm-last vce-col--sm-first vce-col--md-first vce-col--lg-first vce-col--xl-first\" id=\"el-4ff5a2a3\"><div class=\"vce-col-inner\" data-vce-do-apply=\"border margin background  el-4ff5a2a3\"><div class=\"vce-col-content\" data-vce-element-content=\"true\" data-vce-do-apply=\"padding el-4ff5a2a3\"><div class=\"vce-text-block\"><div class=\"vce-text-block-wrapper vce\" id=\"el-8f5f5e34\" data-vce-do-apply=\"all el-8f5f5e34\"><h3 style=\"font-style: normal; font-variant-ligatures: normal; font-variant-caps: normal;\">SHOPGUARD KFT. technol\u00f3giai fejleszt\u00e9st eredm\u00e9nyez\u0151 beruh\u00e1z\u00e1s\u00e1nak t\u00e1mogat\u00e1sa<\/h3><\/div><\/div><\/div><\/div><\/div><div class=\"vce-col vce-col--md-18p vce-col--xs-1 vce-col--xs-last vce-col--xs-first vce-col--sm-last vce-col--sm-first vce-col--md-last vce-col--lg-last vce-col--xl-last\" id=\"el-dc47a7ee\"><div class=\"vce-col-inner\" data-vce-do-apply=\"border margin background  el-dc47a7ee\"><div class=\"vce-col-content\" data-vce-element-content=\"true\" data-vce-do-apply=\"padding el-dc47a7ee\"><div class=\"vce-button--style-basic-container vce-button--style-basic-container--align-left\"><span class=\"vce-button--style-basic-wrapper vce\" id=\"el-9b258e16\" data-vce-do-apply=\"margin el-9b258e16\"><a class=\"vce-button--style-basic vce-button--style-basic--border-rounded vce-button--style-basic--size-small vce-button--style-basic--color-b-225-22-18--fff\" href=\"https:\/\/shopguard.hu\/hu\/grant_4\/\" title=\"\" data-vce-do-apply=\"padding border background  el-9b258e16\">Olvass tov\u00e1bb<\/a><\/span><\/div><\/div><\/div><\/div><\/div><\/div><\/div><div class=\"vce-row-container\"><div class=\"vce-row vce-row--col-gap-30 vce-row-columns--top vce-row-content--middle\" id=\"el-5ca4309e\" data-vce-do-apply=\"all el-5ca4309e\"><div class=\"vce-row-content\" data-vce-element-content=\"true\"><div class=\"vce-col vce-col--md-81p vce-col--xs-1 vce-col--xs-last vce-col--xs-first vce-col--sm-last vce-col--sm-first vce-col--md-first vce-col--lg-first vce-col--xl-first\" id=\"el-ec78cd85\"><div class=\"vce-col-inner\" data-vce-do-apply=\"border margin background  el-ec78cd85\"><div class=\"vce-col-content\" data-vce-element-content=\"true\" data-vce-do-apply=\"padding el-ec78cd85\"><div class=\"vce-text-block\"><div class=\"vce-text-block-wrapper vce\" id=\"el-2d42306a\" data-vce-do-apply=\"all el-2d42306a\"><h3 style=\"font-style: normal; font-variant-ligatures: normal; font-variant-caps: normal;\">SHOPGUARD KFT. termel\u00e9kenys\u00e9g\u00e9nek \u00e9s technol\u00f3giai n\u00f6vel\u00e9s\u00e9nek t\u00e1mogat\u00e1sa<\/h3><\/div><\/div><\/div><\/div><\/div><div class=\"vce-col vce-col--md-18p vce-col--xs-1 vce-col--xs-last vce-col--xs-first vce-col--sm-last vce-col--sm-first vce-col--md-last vce-col--lg-last vce-col--xl-last\" id=\"el-43818c4f\"><div class=\"vce-col-inner\" data-vce-do-apply=\"border margin background  el-43818c4f\"><div class=\"vce-col-content\" data-vce-element-content=\"true\" data-vce-do-apply=\"padding el-43818c4f\"><div class=\"vce-button--style-basic-container vce-button--style-basic-container--align-left\"><span class=\"vce-button--style-basic-wrapper vce\" id=\"el-136acbd0\" data-vce-do-apply=\"margin el-136acbd0\"><a class=\"vce-button--style-basic vce-button--style-basic--border-rounded vce-button--style-basic--size-small vce-button--style-basic--color-b-225-22-18--fff\" href=\"https:\/\/shopguard.hu\/hu\/grant_2\/\" title=\"\" data-vce-do-apply=\"padding border background  el-136acbd0\">Olvass tov\u00e1bb<\/a><\/span><\/div><\/div><\/div><\/div><\/div><\/div><\/div><div class=\"vce-row-container\"><div class=\"vce-row vce-row--col-gap-30 vce-row-columns--top vce-row-content--middle\" id=\"el-e30a02c4\" data-vce-do-apply=\"all el-e30a02c4\"><div class=\"vce-row-content\" data-vce-element-content=\"true\"><div class=\"vce-col vce-col--md-81p vce-col--xs-1 vce-col--xs-last vce-col--xs-first vce-col--sm-last vce-col--sm-first vce-col--md-first vce-col--lg-first vce-col--xl-first\" id=\"el-733364ff\"><div class=\"vce-col-inner\" data-vce-do-apply=\"border margin background  el-733364ff\"><div class=\"vce-col-content\" data-vce-element-content=\"true\" data-vce-do-apply=\"padding el-733364ff\"><div class=\"vce-text-block\"><div class=\"vce-text-block-wrapper vce\" id=\"el-3e1a0edd\" data-vce-do-apply=\"all el-3e1a0edd\"><h3 style=\"font-style: normal; font-variant-ligatures: normal; font-variant-caps: normal;\">SHOPGUARD KFT. k\u00fclpiaci megjelen\u00e9s\u00e9nek t\u00e1mogat\u00e1sa<\/h3><\/div><\/div><\/div><\/div><\/div><div class=\"vce-col vce-col--md-18p vce-col--xs-1 vce-col--xs-last vce-col--xs-first vce-col--sm-last vce-col--sm-first vce-col--md-last vce-col--lg-last vce-col--xl-last\" id=\"el-91b69967\"><div class=\"vce-col-inner\" data-vce-do-apply=\"border margin background  el-91b69967\"><div class=\"vce-col-content\" data-vce-element-content=\"true\" data-vce-do-apply=\"padding el-91b69967\"><div class=\"vce-button--style-basic-container vce-button--style-basic-container--align-left\"><span class=\"vce-button--style-basic-wrapper vce\" id=\"el-fd9bfa3a\" data-vce-do-apply=\"margin el-fd9bfa3a\"><a class=\"vce-button--style-basic vce-button--style-basic--border-rounded vce-button--style-basic--size-small vce-button--style-basic--color-b-225-22-18--fff\" href=\"https:\/\/shopguard.hu\/hu\/grant_3\/\" title=\"\" data-vce-do-apply=\"padding border background  el-fd9bfa3a\">Olvass tov\u00e1bb<\/a><\/span><\/div><\/div><\/div><\/div><\/div><\/div><\/div><div class=\"vce-row-container\"><div class=\"vce-row vce-row--col-gap-30 vce-row-columns--top vce-row-content--middle\" id=\"el-115ca799\" data-vce-do-apply=\"all el-115ca799\"><div class=\"vce-row-content\" data-vce-element-content=\"true\"><div class=\"vce-col vce-col--md-81p vce-col--xs-1 vce-col--xs-last vce-col--xs-first vce-col--sm-last vce-col--sm-first vce-col--md-first vce-col--lg-first vce-col--xl-first\" id=\"el-a17ca60a\"><div class=\"vce-col-inner\" data-vce-do-apply=\"border margin background  el-a17ca60a\"><div class=\"vce-col-content\" data-vce-element-content=\"true\" data-vce-do-apply=\"padding el-a17ca60a\"><div class=\"vce-text-block\"><div class=\"vce-text-block-wrapper vce\" id=\"el-efddf1ed\" data-vce-do-apply=\"all el-efddf1ed\"><h3 style=\"font-style: normal; font-variant-ligatures: normal; font-variant-caps: normal;\">SHOPGUARD KFT. K\u00e9szlet beszerz\u00e9s \u00e9s m\u0171k\u00f6d\u00e9si k\u00f6lts\u00e9gek finansz\u00edroz\u00e1sa<\/h3><\/div><\/div><\/div><\/div><\/div><div class=\"vce-col vce-col--md-18p vce-col--xs-1 vce-col--xs-last vce-col--xs-first vce-col--sm-last vce-col--sm-first vce-col--md-last vce-col--lg-last vce-col--xl-last\" id=\"el-58730f6c\"><div class=\"vce-col-inner\" data-vce-do-apply=\"border margin background  el-58730f6c\"><div class=\"vce-col-content\" data-vce-element-content=\"true\" data-vce-do-apply=\"padding el-58730f6c\"><div class=\"vce-button--style-basic-container vce-button--style-basic-container--align-left\"><span class=\"vce-button--style-basic-wrapper vce\" id=\"el-5a410c0d\" data-vce-do-apply=\"margin el-5a410c0d\"><a class=\"vce-button--style-basic vce-button--style-basic--border-rounded vce-button--style-basic--size-small vce-button--style-basic--color-b-225-22-18--fff\" href=\"https:\/\/shopguard.hu\/hu\/grant_1\/\" title=\"\" data-vce-do-apply=\"padding border background  el-5a410c0d\">Olvass tov\u00e1bb<\/a><\/span><\/div><\/div><\/div><\/div><\/div><\/div><\/div>\n","protected":false},"excerpt":{"rendered":"<p>SHOPGUARD KFT. technol\u00f3giai fejleszt\u00e9st eredm\u00e9nyez\u0151 beruh\u00e1z\u00e1s\u00e1nak t\u00e1mogat\u00e1saOlvass tov\u00e1bbSHOPGUARD KFT. termel\u00e9kenys\u00e9g\u00e9nek \u00e9s technol\u00f3giai n\u00f6vel\u00e9s\u00e9nek t\u00e1mogat\u00e1saOlvass tov\u00e1bbSHOPGUARD KFT. k\u00fclpiaci megjelen\u00e9s\u00e9nek t\u00e1mogat\u00e1saOlvass tov\u00e1bbSHOPGUARD KFT. K\u00e9szlet beszerz\u00e9s \u00e9s m\u0171k\u00f6d\u00e9si k\u00f6lts\u00e9gek finansz\u00edroz\u00e1saOlvass tov\u00e1bb<\/p>\n","protected":false},"author":975901,"featured_media":0,"parent":0,"menu_order":0,"comment_status":"closed","ping_status":"closed","template":"page-fullwidth.php","meta":[],"_links":{"self":[{"href":"https:\/\/shopguard.hu\/hu\/wp-json\/wp\/v2\/pages\/3144"}],"collection":[{"href":"https:\/\/shopguard.hu\/hu\/wp-json\/wp\/v2\/pages"}],"about":[{"href":"https:\/\/shopguard.hu\/hu\/wp-json\/wp\/v2\/types\/page"}],"author":[{"embeddable":true,"href":"https:\/\/shopguard.hu\/hu\/wp-json\/wp\/v2\/users\/975901"}],"replies":[{"embeddable":true,"href":"https:\/\/shopguard.hu\/hu\/wp-json\/wp\/v2\/comments?post=3144"}],"version-history":[{"count":12,"href":"https:\/\/shopguard.hu\/hu\/wp-json\/wp\/v2\/pages\/3144\/revisions"}],"predecessor-version":[{"id":3261,"href":"https:\/\/shopguard.hu\/hu\/wp-json\/wp\/v2\/pages\/3144\/revisions\/3261"}],"wp:attachment":[{"href":"https:\/\/shopguard.hu\/hu\/wp-json\/wp\/v2\/media?parent=3144"}],"curies":[{"name":"wp","href":"https:\/\/api.w.org\/{rel}","templated":true}]}}