{"id":3170,"date":"2022-03-08T13:15:32","date_gmt":"2022-03-08T13:15:32","guid":{"rendered":"https:\/\/shopguard.com\/?page_id=3170"},"modified":"2022-03-08T13:44:53","modified_gmt":"2022-03-08T13:44:53","slug":"grant_3","status":"publish","type":"page","link":"https:\/\/shopguard.hu\/hu\/grant_3\/","title":{"rendered":""},"content":{"rendered":"<div class=\"vce-row-container\"><div class=\"vce-row vce-row--col-gap-0 vce-row-equal-height vce-row-columns--top vce-row-content--middle\" id=\"el-7cbb7331\" data-vce-do-apply=\"all el-7cbb7331\"><div class=\"vce-content-background-container\"><\/div><div class=\"vce-row-content\" data-vce-element-content=\"true\" style=\"position: relative;\"><div class=\"vce-col vce-col--md-21-44p vce-col--xs-1 vce-col--xs-last vce-col--xs-first vce-col--sm-last vce-col--sm-first vce-col--md-first vce-col--lg-first vce-col--xl-first\" id=\"el-b74bfe5e\"><div class=\"vce-col-inner\" data-vce-do-apply=\"border margin background  el-b74bfe5e\"><div class=\"vce-content-background-container\"><\/div><div class=\"vce-col-content\" data-vce-element-content=\"true\" data-vce-do-apply=\"padding el-b74bfe5e\"><div class=\"vce-text-block\"><div class=\"vce-text-block-wrapper vce\" id=\"el-c167c6e7\" data-vce-do-apply=\"all el-c167c6e7\"><p><strong><span style=\"font-size: 9pt; line-height: 107%; font-family: 'inherit', serif; padding: 0cm; border: 1pt none windowtext;\">Kedvezm\u00e9nyezett neve:<\/span><\/strong><span style=\"font-size: 9pt; line-height: 107%; font-family: Arial, sans-serif;\">&nbsp;<\/span><\/p><\/div><\/div><\/div><\/div><\/div><div class=\"vce-col vce-col--md-78-56p vce-col--xs-1 vce-col--xs-last vce-col--xs-first vce-col--sm-last vce-col--sm-first vce-col--md-last vce-col--lg-last vce-col--xl-last\" id=\"el-aee0b814\"><div class=\"vce-col-inner\" data-vce-do-apply=\"border margin background  el-aee0b814\"><div class=\"vce-col-content\" data-vce-element-content=\"true\" data-vce-do-apply=\"padding el-aee0b814\"><div class=\"vce-text-block\"><div class=\"vce-text-block-wrapper vce\" id=\"el-7b580306\" data-vce-do-apply=\"all el-7b580306\"><p class=\"MsoNormal\" style=\"line-height: normal; background-image: initial; background-position: initial; background-size: initial; background-repeat: initial; background-attachment: initial; background-origin: initial; background-clip: initial;\"><span style=\"font-size: 9.0pt; font-family: 'Arial',sans-serif; mso-fareast-font-family: 'Times New Roman'; color: #444444;\">SHOPGUARD Kereskedelmi Korl\u00e1tolt Felel\u0151ss\u00e9g\u00fc T\u00e1rsas\u00e1g<\/span><\/p><\/div><\/div><\/div><\/div><\/div><\/div><\/div><\/div><div class=\"vce-row-container\"><div class=\"vce-row vce-row--col-gap-0 vce-row-equal-height vce-row-columns--top vce-row-content--middle\" id=\"el-bf49fced\" data-vce-do-apply=\"all el-bf49fced\"><div class=\"vce-content-background-container\"><\/div><div class=\"vce-row-content\" data-vce-element-content=\"true\"><div class=\"vce-col vce-col--md-21-44p vce-col--xs-1 vce-col--xs-last vce-col--xs-first vce-col--sm-last vce-col--sm-first vce-col--md-first vce-col--lg-first vce-col--xl-first\" id=\"el-744cb698\"><div class=\"vce-col-inner\" data-vce-do-apply=\"border margin background  el-744cb698\"><div class=\"vce-content-background-container\"><\/div><div class=\"vce-col-content\" data-vce-element-content=\"true\" data-vce-do-apply=\"padding el-744cb698\"><div class=\"vce-text-block\"><div class=\"vce-text-block-wrapper vce\" id=\"el-f4df9ce4\" data-vce-do-apply=\"all el-f4df9ce4\"><p><strong><span style=\"font-size: 9pt; line-height: 107%; font-family: 'inherit', serif; padding: 0cm; border: 1pt none windowtext;\">Projekt c\u00edme:<\/span><\/strong><span style=\"font-size: 9pt; line-height: 107%; font-family: Arial, sans-serif;\">&nbsp;<\/span><\/p><\/div><\/div><\/div><\/div><\/div><div class=\"vce-col vce-col--md-78-56p vce-col--xs-1 vce-col--xs-last vce-col--xs-first vce-col--sm-last vce-col--sm-first vce-col--md-last vce-col--lg-last vce-col--xl-last\" id=\"el-58ddfa0f\"><div class=\"vce-col-inner\" data-vce-do-apply=\"border margin background  el-58ddfa0f\"><div class=\"vce-col-content\" data-vce-element-content=\"true\" data-vce-do-apply=\"padding el-58ddfa0f\"><div class=\"vce-text-block\"><div class=\"vce-text-block-wrapper vce\" id=\"el-6cec9c8f\" data-vce-do-apply=\"all el-6cec9c8f\"><p><span style=\"font-size: 9pt; line-height: 107%; font-family: Arial, sans-serif;\">SHOPGUARD KFT. K\u00fclpiaci megjelen\u00e9s\u00e9nek t\u00e1mogat\u00e1sa<\/span><\/p><\/div><\/div><\/div><\/div><\/div><\/div><\/div><\/div><div class=\"vce-row-container\"><div class=\"vce-row vce-row--col-gap-0 vce-row-equal-height vce-row-columns--top vce-row-content--middle\" id=\"el-cd35d659\" data-vce-do-apply=\"all el-cd35d659\"><div class=\"vce-content-background-container\"><\/div><div class=\"vce-row-content\" data-vce-element-content=\"true\"><div class=\"vce-col vce-col--md-21-44p vce-col--xs-1 vce-col--xs-last vce-col--xs-first vce-col--sm-last vce-col--sm-first vce-col--md-first vce-col--lg-first vce-col--xl-first\" id=\"el-1ad64ffd\"><div class=\"vce-col-inner\" data-vce-do-apply=\"border margin background  el-1ad64ffd\"><div class=\"vce-content-background-container\"><\/div><div class=\"vce-col-content\" data-vce-element-content=\"true\" data-vce-do-apply=\"padding el-1ad64ffd\"><div class=\"vce-text-block\"><div class=\"vce-text-block-wrapper vce\" id=\"el-ae665cfb\" data-vce-do-apply=\"all el-ae665cfb\"><p><strong><span style=\"font-size: 9pt; line-height: 107%; font-family: 'inherit', serif; padding: 0cm; border: 1pt none windowtext;\">A projekt azonos\u00edt\u00f3 sz\u00e1ma:<\/span><\/strong><span style=\"font-size: 9pt; line-height: 107%; font-family: Arial, sans-serif;\">&nbsp;<\/span><\/p><\/div><\/div><\/div><\/div><\/div><div class=\"vce-col vce-col--md-78-56p vce-col--xs-1 vce-col--xs-last vce-col--xs-first vce-col--sm-last vce-col--sm-first vce-col--md-last vce-col--lg-last vce-col--xl-last\" id=\"el-c499f8f1\"><div class=\"vce-col-inner\" data-vce-do-apply=\"border margin background  el-c499f8f1\"><div class=\"vce-col-content\" data-vce-element-content=\"true\" data-vce-do-apply=\"padding el-c499f8f1\"><div class=\"vce-text-block\"><div class=\"vce-text-block-wrapper vce\" id=\"el-c4d45641\" data-vce-do-apply=\"all el-c4d45641\"><p><span style=\"font-size: 9pt; line-height: 107%; font-family: Arial, sans-serif;\">KKM\/10316-2\/2020\/Adm.<\/span><\/p><\/div><\/div><\/div><\/div><\/div><\/div><\/div><\/div><div class=\"vce-row-container\"><div class=\"vce-row vce-row--col-gap-0 vce-row-equal-height vce-row-columns--top vce-row-content--middle\" id=\"el-1f8848a5\" data-vce-do-apply=\"all el-1f8848a5\"><div class=\"vce-content-background-container\"><\/div><div class=\"vce-row-content\" data-vce-element-content=\"true\"><div class=\"vce-col vce-col--md-21-44p vce-col--xs-1 vce-col--xs-last vce-col--xs-first vce-col--sm-last vce-col--sm-first vce-col--md-first vce-col--lg-first vce-col--xl-first\" id=\"el-b6cb751f\"><div class=\"vce-col-inner\" data-vce-do-apply=\"border margin background  el-b6cb751f\"><div class=\"vce-content-background-container\"><\/div><div class=\"vce-col-content\" data-vce-element-content=\"true\" data-vce-do-apply=\"padding el-b6cb751f\"><div class=\"vce-text-block\"><div class=\"vce-text-block-wrapper vce\" id=\"el-27347bdf\" data-vce-do-apply=\"all el-27347bdf\"><p><strong><span style=\"font-size: 9pt; line-height: 107%; font-family: 'inherit', serif; padding: 0cm; border: 1pt none windowtext;\">A szerz\u0151d\u00f6tt t\u00e1mogat\u00e1s \u00f6sszege:<\/span><\/strong><span style=\"font-size: 9pt; line-height: 107%; font-family: Arial, sans-serif;\"> &nbsp;<\/span><\/p><\/div><\/div><\/div><\/div><\/div><div class=\"vce-col vce-col--md-78-56p vce-col--xs-1 vce-col--xs-last vce-col--xs-first vce-col--sm-last vce-col--sm-first vce-col--md-last vce-col--lg-last vce-col--xl-last\" id=\"el-5960475f\"><div class=\"vce-col-inner\" data-vce-do-apply=\"border margin background  el-5960475f\"><div class=\"vce-col-content\" data-vce-element-content=\"true\" data-vce-do-apply=\"padding el-5960475f\"><div class=\"vce-text-block\"><div class=\"vce-text-block-wrapper vce\" id=\"el-272a0e7f\" data-vce-do-apply=\"all el-272a0e7f\"><p class=\"MsoNormal\" style=\"line-height: normal; background-image: initial; background-position: initial; background-size: initial; background-repeat: initial; background-attachment: initial; background-origin: initial; background-clip: initial;\"><span style=\"font-size: 9pt; font-family: Arial, sans-serif;\">3 943 105 Ft<\/span><\/p><\/div><\/div><\/div><\/div><\/div><\/div><\/div><\/div><div class=\"vce-section\"><div class=\"vce-section-inner vce-section-content--top\" id=\"el-db5614e1\" data-vce-do-apply=\"all el-db5614e1\"><div class=\"vce-content-background-container\"><\/div><div data-vce-element-content=\"true\"><div class=\"vce-row-container\"><div class=\"vce-row vce-row--col-gap-30 vce-row-columns--top vce-row-content--top\" id=\"el-6494b8c7\" data-vce-do-apply=\"all el-6494b8c7\"><div class=\"vce-row-content\" data-vce-element-content=\"true\"><div class=\"vce-col vce-col--md-auto vce-col--xs-1 vce-col--xs-last vce-col--xs-first vce-col--sm-last vce-col--sm-first vce-col--md-last vce-col--lg-last vce-col--xl-last vce-col--md-first vce-col--lg-first vce-col--xl-first\" id=\"el-1818643b\"><div class=\"vce-col-inner\" data-vce-do-apply=\"border margin background  el-1818643b\"><div class=\"vce-col-content\" data-vce-element-content=\"true\" data-vce-do-apply=\"padding el-1818643b\"><div class=\"vce-text-block\"><div class=\"vce-text-block-wrapper vce\" id=\"el-5909d8ab\" data-vce-do-apply=\"all el-5909d8ab\"><p class=\"MsoNormal\" style=\"line-height: normal; background-image: initial; background-position: initial; background-size: initial; background-repeat: initial; background-attachment: initial; background-origin: initial; background-clip: initial;\"><strong><span style=\"font-size: 9pt; font-family: 'inherit', serif; color: #444444; padding: 0cm; border: 1pt none windowtext;\">A projekt tartalm\u00e1nak bemutat\u00e1sa:<\/span><\/strong><\/p><\/div><\/div><\/div><\/div><\/div><\/div><\/div><\/div><\/div><\/div><\/div><div class=\"vce-row-container\"><div class=\"vce-row vce-row--col-gap-30 vce-row-columns--top vce-row-content--top\" id=\"el-c2ba5524\" data-vce-do-apply=\"all el-c2ba5524\"><div class=\"vce-row-content\" data-vce-element-content=\"true\"><div class=\"vce-col vce-col--md-auto vce-col--xs-1 vce-col--xs-last vce-col--xs-first vce-col--sm-last vce-col--sm-first vce-col--md-last vce-col--lg-last vce-col--xl-last vce-col--md-first vce-col--lg-first vce-col--xl-first\" id=\"el-670bbb88\"><div class=\"vce-col-inner\" data-vce-do-apply=\"border margin background  el-670bbb88\"><div class=\"vce-col-content\" data-vce-element-content=\"true\" data-vce-do-apply=\"padding el-670bbb88\"><div class=\"vce-text-block\"><div class=\"vce-text-block-wrapper vce\" id=\"el-f67ff75c\" data-vce-do-apply=\"all el-f67ff75c\"><p class=\"MsoNormal\" style=\"text-align: justify; text-justify: inter-ideograph;\">A SHOPGUARD KFT. 2020.02.16 \u00e9s 2020.02.20 k\u00f6z\u00f6tt egy impoz\u00e1ns ki\u00e1ll\u00edt\u00e1si standdal r\u00e9szt vett a N\u00e9metorsz\u00e1gban rendezett EuroShop 2020 ki\u00e1ll\u00edt\u00e1son. Az ehhez kapcsol\u00f3d\u00f3 ki\u00e1ll\u00edt\u00f3i, utaz\u00e1si, sz\u00e1ll\u00e1s \u00e9s egy\u00e9b szorosan \u00f6sszef\u00fcgg\u0151 k\u00f6lts\u00e9gekhez jelent\u0151sen hozz\u00e1j\u00e1rult a <strong>K\u00fclgazdas\u00e1gi \u00e9s K\u00fcl\u00fcgyminiszt\u00e9rium Exportfejleszt\u00e9si P\u00e1ly\u00e1zati Program<\/strong>ja.&nbsp;<\/p><\/div><\/div><\/div><\/div><\/div><\/div><\/div><\/div><div class=\"vce-row-container\"><div class=\"vce-row vce-row--col-gap-30 vce-row-columns--top vce-row-content--top\" id=\"el-0adcbc72\" data-vce-do-apply=\"all el-0adcbc72\"><div class=\"vce-row-content\" data-vce-element-content=\"true\"><div class=\"vce-col vce-col--md-auto vce-col--xs-1 vce-col--xs-last vce-col--xs-first vce-col--sm-last vce-col--sm-first vce-col--md-first vce-col--lg-first vce-col--xl-first\" id=\"el-168d78dc\"><div class=\"vce-col-inner\" data-vce-do-apply=\"border margin background  el-168d78dc\"><div class=\"vce-col-content\" data-vce-element-content=\"true\" data-vce-do-apply=\"padding el-168d78dc\"><div class=\"vce-single-image-container vce-single-image--align-left\"><div class=\"vce vce-single-image-wrapper\" id=\"el-3aadeb09\" data-vce-do-apply=\"all el-3aadeb09\"><figure><div class=\"vce-single-image-inner vce-single-image--absolute\" style=\"padding-bottom: 66.821%; width: 648px;\"><img class=\"vce-single-image\" width=\"648\" height=\"433\"src=\"https:\/\/shopguard.hu\/wp-content\/uploads\/2022\/03\/web1-648x433.jpg\" srcset=\"https:\/\/shopguard.hu\/wp-content\/uploads\/2022\/03\/web1-320x214.jpg 320w,https:\/\/shopguard.hu\/wp-content\/uploads\/2022\/03\/web1-480x321.jpg 480w,https:\/\/shopguard.hu\/wp-content\/uploads\/2022\/03\/web1-648x433.jpg 648w\" data-img-src=\"https:\/\/shopguard.hu\/wp-content\/uploads\/2022\/03\/web1.jpg\" alt=\"\" title=\"web1\" \/><\/div><figcaption hidden=\"\"><\/figcaption><\/figure><\/div><\/div><\/div><\/div><\/div><div class=\"vce-col vce-col--md-auto vce-col--xs-1 vce-col--xs-last vce-col--xs-first vce-col--sm-last vce-col--sm-first vce-col--md-last vce-col--lg-last vce-col--xl-last\" id=\"el-0d7e91aa\"><div class=\"vce-col-inner\" data-vce-do-apply=\"border margin background  el-0d7e91aa\"><div class=\"vce-col-content\" data-vce-element-content=\"true\" data-vce-do-apply=\"padding el-0d7e91aa\"><div class=\"vce-single-image-container vce-single-image--align-left\"><div class=\"vce vce-single-image-wrapper\" id=\"el-49ee210d\" data-vce-do-apply=\"all el-49ee210d\"><figure><div class=\"vce-single-image-inner vce-single-image--absolute\" style=\"padding-bottom: 66.718%; width: 649px;\"><img class=\"vce-single-image\" width=\"649\" height=\"433\"src=\"https:\/\/shopguard.hu\/wp-content\/uploads\/2022\/03\/web2-649x433.jpg\" srcset=\"https:\/\/shopguard.hu\/wp-content\/uploads\/2022\/03\/web2-320x213.jpg 320w,https:\/\/shopguard.hu\/wp-content\/uploads\/2022\/03\/web2-480x320.jpg 480w,https:\/\/shopguard.hu\/wp-content\/uploads\/2022\/03\/web2-649x433.jpg 649w\" data-img-src=\"https:\/\/shopguard.hu\/wp-content\/uploads\/2022\/03\/web2.jpg\" alt=\"\" title=\"web2\" \/><\/div><figcaption hidden=\"\"><\/figcaption><\/figure><\/div><\/div><\/div><\/div><\/div><\/div><\/div><\/div><div class=\"vce-row-container\"><div class=\"vce-row vce-row--col-gap-30 vce-row-columns--top vce-row-content--top\" id=\"el-0eb55468\" data-vce-do-apply=\"all el-0eb55468\"><div class=\"vce-row-content\" data-vce-element-content=\"true\"><div class=\"vce-col vce-col--md-auto vce-col--xs-1 vce-col--xs-last vce-col--xs-first vce-col--sm-last vce-col--sm-first vce-col--md-last vce-col--lg-last vce-col--xl-last vce-col--md-first vce-col--lg-first vce-col--xl-first\" id=\"el-393d628c\"><div class=\"vce-col-inner\" data-vce-do-apply=\"border margin background  el-393d628c\"><div class=\"vce-col-content\" data-vce-element-content=\"true\" data-vce-do-apply=\"padding el-393d628c\"><div class=\"vce-text-block\"><div class=\"vce-text-block-wrapper vce\" id=\"el-41f4ead6\" data-vce-do-apply=\"all el-41f4ead6\"><p class=\"MsoNormal\" style=\"text-align: justify; text-justify: inter-ideograph;\">A SHOPGUARD KFT. \u00e9vek \u00f3ta nagy hangs\u00falyt fektet kutat\u00e1s-fejleszt\u00e9sre, fejleszt\u00e9si eredm\u00e9nyek min\u00e9l sz\u00e9lesebb k\u00f6r\u0171 terjeszt\u00e9s\u00e9re, \u00e9s a v\u00e1llalat brand-j\u00e9nek \u00e9p\u00edt\u00e9sre. B\u00e1tran kijelenthetj\u00fck, hogy az \u00e1ltalunk tervezett \u00e9s forgalmazott term\u00e9kek vil\u00e1gszerte (Ausztri\u00e1ban, Nagy Britanni\u00e1ban, Finnorsz\u00e1gban, N\u00e9metorsz\u00e1gban, Dubaiban, stb.) versenyk\u00e9pesek \u00e9s innovat\u00edvok.&nbsp; Mi sem igazolja ezt jobban, mint hogy 12 term\u00e9k\u00fck rendelkezik haszn\u00e1lati mintaoltalommal, 1 term\u00e9k\u00fck szabadalommal \u00e9s 1 term\u00e9k\u00fck v\u00e9djeggyel. Az elm\u00falt 30 \u00e9vben t\u00f6bb sz\u00e1zezer term\u00e9ket siker\u00fclt \u00e9rt\u00e9kes\u00edteni k\u00fcl\u00f6nb\u00f6z\u0151 k\u00fclf\u00f6ldi orsz\u00e1gokba, melynek k\u00f6sz\u00f6nhet\u0151en export\u00e1rbev\u00e9tel\u00fck az elm\u00falt 3 lez\u00e1rt \u00fczleti \u00e9vben \u00e1tlagosan megk\u00f6zel\u00edti az 1,4 Mrd Ft-ot (\u00f6sszes \u00e1rbev\u00e9tel 77%-a) ezzel is hozz\u00e1j\u00e1rulva a hazai v\u00e1llalkoz\u00e1sok k\u00fclpiaci sikeress\u00e9g\u00e9nek n\u00f6veked\u00e9s\u00e9hez.<\/p>\n<p class=\"MsoNormal\" style=\"text-align: justify; text-justify: inter-ideograph;\">Az Euroshop 2020 ki\u00e1ll\u00edt\u00e1son val\u00f3 r\u00e9v\u00e9tel c\u00e9lja, hogy a SHOPGUARD KFT. a megl\u00e9v\u0151 \u00e9s az \u00fajonnan kifejlesztett innovat\u00edv term\u00e9keit, mint a CLM, az \u00faj fejleszt\u00e9s\u0171 \u00e1ruv\u00e9delmi bil\u00e9ta, az IDKEY-ready CROB-t, az M10 (10 portos) k\u00f6zpontot valamint az \u00faj fejleszt\u00e9s\u0171 vitrinz\u00e1runkat bemutassuk a N\u00e9metorsz\u00e1gi c\u00e9lpiacon. Ez a rendezv\u00e9ny kiv\u00e1l\u00f3 lehet\u0151s\u00e9g erre, hiszen az elm\u00falt \u00e9vekben a vil\u00e1g egyik legnagyobb kiskereskedelmi esem\u00e9ny\u00e9v\u00e9 n\u0151tte ki mag\u00e1t.&nbsp;<\/p><\/div><\/div><\/div><\/div><\/div><\/div><\/div><\/div>\n","protected":false},"excerpt":{"rendered":"<p>Kedvezm\u00e9nyezett neve:&nbsp;SHOPGUARD Kereskedelmi Korl\u00e1tolt Felel\u0151ss\u00e9g\u00fc T\u00e1rsas\u00e1gProjekt c\u00edme:&nbsp;SHOPGUARD KFT. K\u00fclpiaci megjelen\u00e9s\u00e9nek t\u00e1mogat\u00e1saA projekt azonos\u00edt\u00f3 sz\u00e1ma:&nbsp;KKM\/10316-2\/2020\/Adm.A szerz\u0151d\u00f6tt t\u00e1mogat\u00e1s \u00f6sszege: &nbsp;3 943 105 FtA projekt tartalm\u00e1nak bemutat\u00e1sa:A SHOPGUARD KFT. 2020.02.16 \u00e9s 2020.02.20 k\u00f6z\u00f6tt\u2026 <a href=\"https:\/\/shopguard.hu\/hu\/grant_3\/\" class=\"read-more-link\">read more &rarr;<\/a><\/p>\n","protected":false},"author":975901,"featured_media":0,"parent":0,"menu_order":0,"comment_status":"closed","ping_status":"closed","template":"page-fullwidth.php","meta":[],"_links":{"self":[{"href":"https:\/\/shopguard.hu\/hu\/wp-json\/wp\/v2\/pages\/3170"}],"collection":[{"href":"https:\/\/shopguard.hu\/hu\/wp-json\/wp\/v2\/pages"}],"about":[{"href":"https:\/\/shopguard.hu\/hu\/wp-json\/wp\/v2\/types\/page"}],"author":[{"embeddable":true,"href":"https:\/\/shopguard.hu\/hu\/wp-json\/wp\/v2\/users\/975901"}],"replies":[{"embeddable":true,"href":"https:\/\/shopguard.hu\/hu\/wp-json\/wp\/v2\/comments?post=3170"}],"version-history":[{"count":4,"href":"https:\/\/shopguard.hu\/hu\/wp-json\/wp\/v2\/pages\/3170\/revisions"}],"predecessor-version":[{"id":3180,"href":"https:\/\/shopguard.hu\/hu\/wp-json\/wp\/v2\/pages\/3170\/revisions\/3180"}],"wp:attachment":[{"href":"https:\/\/shopguard.hu\/hu\/wp-json\/wp\/v2\/media?parent=3170"}],"curies":[{"name":"wp","href":"https:\/\/api.w.org\/{rel}","templated":true}]}}